{"id":3479,"date":"2025-03-14T14:31:28","date_gmt":"2025-03-14T13:31:28","guid":{"rendered":"https:\/\/fitovalor.pl\/?post_type=product&#038;p=3479"},"modified":"2026-03-02T09:57:55","modified_gmt":"2026-03-02T08:57:55","slug":"biostymulator-dla-twojego-ogrodu","status":"publish","type":"product","link":"https:\/\/fitovalor.pl\/en\/product\/biostymulator-dla-twojego-ogrodu\/","title":{"rendered":"Biostymulator dla Twojego ogrodu"},"content":{"rendered":"","protected":false},"excerpt":{"rendered":"<p>Biostymulatory na bazie humus\u00f3w to preparaty organiczne, kt\u00f3re zawieraj\u0105 naturalne substancje poprawiaj\u0105ce kondycj\u0119 ro\u015blin, szczeg\u00f3lnie warzyw.<\/p>","protected":false},"featured_media":3492,"template":"","meta":[],"product_brand":[],"product_cat":[23],"product_tag":[],"class_list":{"0":"post-3479","1":"product","2":"type-product","3":"status-publish","4":"has-post-thumbnail","6":"product_cat-bez-kategorii","8":"first","9":"instock","10":"taxable","11":"shipping-taxable","12":"purchasable","13":"product-type-variable"},"_links":{"self":[{"href":"https:\/\/fitovalor.pl\/en\/wp-json\/wp\/v2\/product\/3479","targetHints":{"allow":["GET"]}}],"collection":[{"href":"https:\/\/fitovalor.pl\/en\/wp-json\/wp\/v2\/product"}],"about":[{"href":"https:\/\/fitovalor.pl\/en\/wp-json\/wp\/v2\/types\/product"}],"wp:featuredmedia":[{"embeddable":true,"href":"https:\/\/fitovalor.pl\/en\/wp-json\/wp\/v2\/media\/3492"}],"wp:attachment":[{"href":"https:\/\/fitovalor.pl\/en\/wp-json\/wp\/v2\/media?parent=3479"}],"wp:term":[{"taxonomy":"product_brand","embeddable":true,"href":"https:\/\/fitovalor.pl\/en\/wp-json\/wp\/v2\/product_brand?post=3479"},{"taxonomy":"product_cat","embeddable":true,"href":"https:\/\/fitovalor.pl\/en\/wp-json\/wp\/v2\/product_cat?post=3479"},{"taxonomy":"product_tag","embeddable":true,"href":"https:\/\/fitovalor.pl\/en\/wp-json\/wp\/v2\/product_tag?post=3479"}],"curies":[{"name":"wp","href":"https:\/\/api.w.org\/{rel}","templated":true}]}}