{"id":3468,"date":"2025-03-14T14:21:58","date_gmt":"2025-03-14T13:21:58","guid":{"rendered":"https:\/\/fitovalor.pl\/?post_type=product&#038;p=3468"},"modified":"2025-03-24T15:53:19","modified_gmt":"2025-03-24T14:53:19","slug":"nawoz-humusowy-do-upraw-w-donicach","status":"publish","type":"product","link":"https:\/\/fitovalor.pl\/en\/product\/nawoz-humusowy-do-upraw-w-donicach\/","title":{"rendered":"Naw\u00f3z humusowy do upraw w donicach"},"content":{"rendered":"","protected":false},"excerpt":{"rendered":"<p>Naw\u00f3z humusowy to prosty spos\u00f3b na zdrowe i pi\u0119kne ro\u015bliny. Niezale\u017cnie od tego, czy hodujesz smaczne warzywa, czy kolorowe kwiaty.<\/p>","protected":false},"featured_media":3496,"template":"","meta":[],"product_brand":[],"product_cat":[23],"product_tag":[],"class_list":{"0":"post-3468","1":"product","2":"type-product","3":"status-publish","4":"has-post-thumbnail","6":"product_cat-bez-kategorii","8":"first","9":"instock","10":"taxable","11":"shipping-taxable","12":"purchasable","13":"product-type-variable"},"_links":{"self":[{"href":"https:\/\/fitovalor.pl\/en\/wp-json\/wp\/v2\/product\/3468","targetHints":{"allow":["GET"]}}],"collection":[{"href":"https:\/\/fitovalor.pl\/en\/wp-json\/wp\/v2\/product"}],"about":[{"href":"https:\/\/fitovalor.pl\/en\/wp-json\/wp\/v2\/types\/product"}],"wp:featuredmedia":[{"embeddable":true,"href":"https:\/\/fitovalor.pl\/en\/wp-json\/wp\/v2\/media\/3496"}],"wp:attachment":[{"href":"https:\/\/fitovalor.pl\/en\/wp-json\/wp\/v2\/media?parent=3468"}],"wp:term":[{"taxonomy":"product_brand","embeddable":true,"href":"https:\/\/fitovalor.pl\/en\/wp-json\/wp\/v2\/product_brand?post=3468"},{"taxonomy":"product_cat","embeddable":true,"href":"https:\/\/fitovalor.pl\/en\/wp-json\/wp\/v2\/product_cat?post=3468"},{"taxonomy":"product_tag","embeddable":true,"href":"https:\/\/fitovalor.pl\/en\/wp-json\/wp\/v2\/product_tag?post=3468"}],"curies":[{"name":"wp","href":"https:\/\/api.w.org\/{rel}","templated":true}]}}