{"id":3459,"date":"2025-03-14T14:18:50","date_gmt":"2025-03-14T13:18:50","guid":{"rendered":"https:\/\/fitovalor.pl\/?post_type=product&#038;p=3459"},"modified":"2025-03-18T16:57:40","modified_gmt":"2025-03-18T15:57:40","slug":"nawoz-humusowy-do-roslin-kwitnacych","status":"publish","type":"product","link":"https:\/\/fitovalor.pl\/en\/product\/nawoz-humusowy-do-roslin-kwitnacych\/","title":{"rendered":"Naw\u00f3z humusowy do ro\u015blin kwitn\u0105cych"},"content":{"rendered":"","protected":false},"excerpt":{"rendered":"<p>Naw\u00f3z humusowy to rozwi\u0105zanie, kt\u00f3re nie tylko od\u017cywia ro\u015bliny, ale tak\u017ce dba o jako\u015b\u0107 gleby, tworz\u0105c idealne warunki dla kwiat\u00f3w.<\/p>","protected":false},"featured_media":3494,"template":"","meta":[],"product_brand":[],"product_cat":[23],"product_tag":[],"class_list":{"0":"post-3459","1":"product","2":"type-product","3":"status-publish","4":"has-post-thumbnail","6":"product_cat-bez-kategorii","8":"first","9":"instock","10":"taxable","11":"shipping-taxable","12":"purchasable","13":"product-type-variable"},"_links":{"self":[{"href":"https:\/\/fitovalor.pl\/en\/wp-json\/wp\/v2\/product\/3459","targetHints":{"allow":["GET"]}}],"collection":[{"href":"https:\/\/fitovalor.pl\/en\/wp-json\/wp\/v2\/product"}],"about":[{"href":"https:\/\/fitovalor.pl\/en\/wp-json\/wp\/v2\/types\/product"}],"wp:featuredmedia":[{"embeddable":true,"href":"https:\/\/fitovalor.pl\/en\/wp-json\/wp\/v2\/media\/3494"}],"wp:attachment":[{"href":"https:\/\/fitovalor.pl\/en\/wp-json\/wp\/v2\/media?parent=3459"}],"wp:term":[{"taxonomy":"product_brand","embeddable":true,"href":"https:\/\/fitovalor.pl\/en\/wp-json\/wp\/v2\/product_brand?post=3459"},{"taxonomy":"product_cat","embeddable":true,"href":"https:\/\/fitovalor.pl\/en\/wp-json\/wp\/v2\/product_cat?post=3459"},{"taxonomy":"product_tag","embeddable":true,"href":"https:\/\/fitovalor.pl\/en\/wp-json\/wp\/v2\/product_tag?post=3459"}],"curies":[{"name":"wp","href":"https:\/\/api.w.org\/{rel}","templated":true}]}}