{"id":3451,"date":"2025-03-14T14:13:54","date_gmt":"2025-03-14T13:13:54","guid":{"rendered":"https:\/\/fitovalor.pl\/?post_type=product&#038;p=3451"},"modified":"2025-03-18T16:59:31","modified_gmt":"2025-03-18T15:59:31","slug":"nawoz-humusowy-do-roslin-zielonych-i-traw","status":"publish","type":"product","link":"https:\/\/fitovalor.pl\/en\/product\/nawoz-humusowy-do-roslin-zielonych-i-traw\/","title":{"rendered":"Naw\u00f3z humusowy do ro\u015blin zielonych i traw"},"content":{"rendered":"","protected":false},"excerpt":{"rendered":"<p>Nawozy humusowe s\u0105 szczeg\u00f3lnie przydatne dla trawnika oraz ro\u015blin zielonych, poniewa\u017c poprawiaj\u0105 og\u00f3lne warunki wzrostu i zdrowie ro\u015blin, co prowadzi do ich lepszego wygl\u0105du, wi\u0119kszej odporno\u015bci.<\/p>","protected":false},"featured_media":3495,"template":"","meta":[],"product_brand":[],"product_cat":[23],"product_tag":[],"class_list":{"0":"post-3451","1":"product","2":"type-product","3":"status-publish","4":"has-post-thumbnail","6":"product_cat-bez-kategorii","8":"first","9":"instock","10":"taxable","11":"shipping-taxable","12":"purchasable","13":"product-type-variable"},"_links":{"self":[{"href":"https:\/\/fitovalor.pl\/en\/wp-json\/wp\/v2\/product\/3451","targetHints":{"allow":["GET"]}}],"collection":[{"href":"https:\/\/fitovalor.pl\/en\/wp-json\/wp\/v2\/product"}],"about":[{"href":"https:\/\/fitovalor.pl\/en\/wp-json\/wp\/v2\/types\/product"}],"wp:featuredmedia":[{"embeddable":true,"href":"https:\/\/fitovalor.pl\/en\/wp-json\/wp\/v2\/media\/3495"}],"wp:attachment":[{"href":"https:\/\/fitovalor.pl\/en\/wp-json\/wp\/v2\/media?parent=3451"}],"wp:term":[{"taxonomy":"product_brand","embeddable":true,"href":"https:\/\/fitovalor.pl\/en\/wp-json\/wp\/v2\/product_brand?post=3451"},{"taxonomy":"product_cat","embeddable":true,"href":"https:\/\/fitovalor.pl\/en\/wp-json\/wp\/v2\/product_cat?post=3451"},{"taxonomy":"product_tag","embeddable":true,"href":"https:\/\/fitovalor.pl\/en\/wp-json\/wp\/v2\/product_tag?post=3451"}],"curies":[{"name":"wp","href":"https:\/\/api.w.org\/{rel}","templated":true}]}}