{"id":3444,"date":"2025-03-14T13:48:42","date_gmt":"2025-03-14T12:48:42","guid":{"rendered":"https:\/\/fitovalor.pl\/?post_type=product&#038;p=3444"},"modified":"2025-03-18T16:55:12","modified_gmt":"2025-03-18T15:55:12","slug":"nawoz-humusowy-do-owocow","status":"publish","type":"product","link":"https:\/\/fitovalor.pl\/en\/product\/nawoz-humusowy-do-owocow\/","title":{"rendered":"Naw\u00f3z humusowy do owoc\u00f3w"},"content":{"rendered":"","protected":false},"excerpt":{"rendered":"<p>Nawozy humusowe to doskona\u0142y wyb\u00f3r dla upraw owocowych, zapewniaj\u0105cy zdrowy wzrost ro\u015blin i obfite plony. Kwasy humusowe i fulwowe poprawiaj\u0105 jako\u015b\u0107 gleby oraz wspomagaj\u0105 ro\u015bliny na ka\u017cdym etapie rozwoju.<\/p>","protected":false},"featured_media":3493,"template":"","meta":[],"product_brand":[],"product_cat":[23],"product_tag":[],"class_list":{"0":"post-3444","1":"product","2":"type-product","3":"status-publish","4":"has-post-thumbnail","6":"product_cat-bez-kategorii","8":"first","9":"instock","10":"taxable","11":"shipping-taxable","12":"purchasable","13":"product-type-variable"},"_links":{"self":[{"href":"https:\/\/fitovalor.pl\/en\/wp-json\/wp\/v2\/product\/3444","targetHints":{"allow":["GET"]}}],"collection":[{"href":"https:\/\/fitovalor.pl\/en\/wp-json\/wp\/v2\/product"}],"about":[{"href":"https:\/\/fitovalor.pl\/en\/wp-json\/wp\/v2\/types\/product"}],"wp:featuredmedia":[{"embeddable":true,"href":"https:\/\/fitovalor.pl\/en\/wp-json\/wp\/v2\/media\/3493"}],"wp:attachment":[{"href":"https:\/\/fitovalor.pl\/en\/wp-json\/wp\/v2\/media?parent=3444"}],"wp:term":[{"taxonomy":"product_brand","embeddable":true,"href":"https:\/\/fitovalor.pl\/en\/wp-json\/wp\/v2\/product_brand?post=3444"},{"taxonomy":"product_cat","embeddable":true,"href":"https:\/\/fitovalor.pl\/en\/wp-json\/wp\/v2\/product_cat?post=3444"},{"taxonomy":"product_tag","embeddable":true,"href":"https:\/\/fitovalor.pl\/en\/wp-json\/wp\/v2\/product_tag?post=3444"}],"curies":[{"name":"wp","href":"https:\/\/api.w.org\/{rel}","templated":true}]}}