{"id":3417,"date":"2025-03-14T13:34:15","date_gmt":"2025-03-14T12:34:15","guid":{"rendered":"https:\/\/fitovalor.pl\/?post_type=product&#038;p=3417"},"modified":"2025-03-18T17:02:34","modified_gmt":"2025-03-18T16:02:34","slug":"nawoz-humusowy-do-warzyw","status":"publish","type":"product","link":"https:\/\/fitovalor.pl\/en\/product\/nawoz-humusowy-do-warzyw\/","title":{"rendered":"Naw\u00f3z humusowy do warzyw"},"content":{"rendered":"","protected":false},"excerpt":{"rendered":"<p>Ro\u015bliny warzywne maj\u0105 du\u017ce zapotrzebowanie na sk\u0142adniki od\u017cywcze, dlatego warto stosowa\u0107 odpowiedni naw\u00f3z, kt\u00f3ry wspomo\u017ce ich wzrost, plonowanie i odporno\u015b\u0107 na choroby.<\/p>","protected":false},"featured_media":3497,"template":"","meta":[],"product_brand":[],"product_cat":[23],"product_tag":[],"class_list":{"0":"post-3417","1":"product","2":"type-product","3":"status-publish","4":"has-post-thumbnail","6":"product_cat-bez-kategorii","8":"first","9":"instock","10":"taxable","11":"shipping-taxable","12":"purchasable","13":"product-type-variable"},"_links":{"self":[{"href":"https:\/\/fitovalor.pl\/en\/wp-json\/wp\/v2\/product\/3417","targetHints":{"allow":["GET"]}}],"collection":[{"href":"https:\/\/fitovalor.pl\/en\/wp-json\/wp\/v2\/product"}],"about":[{"href":"https:\/\/fitovalor.pl\/en\/wp-json\/wp\/v2\/types\/product"}],"wp:featuredmedia":[{"embeddable":true,"href":"https:\/\/fitovalor.pl\/en\/wp-json\/wp\/v2\/media\/3497"}],"wp:attachment":[{"href":"https:\/\/fitovalor.pl\/en\/wp-json\/wp\/v2\/media?parent=3417"}],"wp:term":[{"taxonomy":"product_brand","embeddable":true,"href":"https:\/\/fitovalor.pl\/en\/wp-json\/wp\/v2\/product_brand?post=3417"},{"taxonomy":"product_cat","embeddable":true,"href":"https:\/\/fitovalor.pl\/en\/wp-json\/wp\/v2\/product_cat?post=3417"},{"taxonomy":"product_tag","embeddable":true,"href":"https:\/\/fitovalor.pl\/en\/wp-json\/wp\/v2\/product_tag?post=3417"}],"curies":[{"name":"wp","href":"https:\/\/api.w.org\/{rel}","templated":true}]}}