{"id":3209,"date":"2025-02-21T11:00:40","date_gmt":"2025-02-21T10:00:40","guid":{"rendered":"https:\/\/fitovalor.pl\/koszyk\/"},"modified":"2025-02-28T15:57:51","modified_gmt":"2025-02-28T14:57:51","slug":"koszyk","status":"publish","type":"page","link":"https:\/\/fitovalor.pl\/en\/koszyk\/","title":{"rendered":"Koszyk"},"content":{"rendered":"<div data-block-name=\"woocommerce\/cart\" class=\"wp-block-woocommerce-cart alignwide is-loading\">\n<div data-block-name=\"woocommerce\/filled-cart-block\" class=\"wp-block-woocommerce-filled-cart-block\">\n<div data-block-name=\"woocommerce\/cart-items-block\" class=\"wp-block-woocommerce-cart-items-block\">\n<div data-block-name=\"woocommerce\/cart-line-items-block\" class=\"wp-block-woocommerce-cart-line-items-block\"><\/div>\n\n\n\n<div data-block-name=\"woocommerce\/cart-cross-sells-block\" class=\"wp-block-woocommerce-cart-cross-sells-block\">\n<h2 class=\"wp-block-heading has-large-font-size\">Zobacz inne r\u00f3wnie interesuj\u0105ce\u2026<\/h2>\n\n\n\n<div data-block-name=\"woocommerce\/cart-cross-sells-products-block\" class=\"wp-block-woocommerce-cart-cross-sells-products-block\"><\/div>\n<\/div>\n<\/div>\n\n\n\n<div data-block-name=\"woocommerce\/cart-totals-block\" class=\"wp-block-woocommerce-cart-totals-block\">\n<div data-block-name=\"woocommerce\/cart-order-summary-block\" class=\"wp-block-woocommerce-cart-order-summary-block\">\n<div data-block-name=\"woocommerce\/cart-order-summary-heading-block\" class=\"wp-block-woocommerce-cart-order-summary-heading-block\"><\/div><div data-block-name=\"woocommerce\/cart-order-summary-coupon-form-block\" class=\"wp-block-woocommerce-cart-order-summary-coupon-form-block\"><\/div><div data-block-name=\"woocommerce\/cart-order-summary-totals-block\" class=\"wp-block-woocommerce-cart-order-summary-totals-block\">\n<div data-block-name=\"woocommerce\/cart-order-summary-subtotal-block\" class=\"wp-block-woocommerce-cart-order-summary-subtotal-block\"><\/div>\n<div data-block-name=\"woocommerce\/cart-order-summary-discount-block\" class=\"wp-block-woocommerce-cart-order-summary-discount-block\"><\/div>\n<div data-block-name=\"woocommerce\/cart-order-summary-fee-block\" class=\"wp-block-woocommerce-cart-order-summary-fee-block\"><\/div>\n<div data-block-name=\"woocommerce\/cart-order-summary-shipping-block\" class=\"wp-block-woocommerce-cart-order-summary-shipping-block\"><\/div>\n<div data-block-name=\"woocommerce\/cart-order-summary-taxes-block\" class=\"wp-block-woocommerce-cart-order-summary-taxes-block\"><\/div><\/div>\n<\/div>\n\n\n\n<div data-block-name=\"woocommerce\/cart-express-payment-block\" class=\"wp-block-woocommerce-cart-express-payment-block\"><\/div>\n\n\n\n<div data-block-name=\"woocommerce\/proceed-to-checkout-block\" class=\"wp-block-woocommerce-proceed-to-checkout-block\"><\/div>\n\n\n\n<div data-block-name=\"woocommerce\/cart-accepted-payment-methods-block\" class=\"wp-block-woocommerce-cart-accepted-payment-methods-block\"><\/div>\n<\/div>\n<\/div>\n\n\n\n<div data-block-name=\"woocommerce\/empty-cart-block\" class=\"wp-block-woocommerce-empty-cart-block\">\n<h2 class=\"wp-block-heading has-text-align-center with-empty-cart-icon wc-block-cart__empty-cart__title\">Tw\u00f3j koszyk jest obecnie pusty!<\/h2>\n\n\n\n<hr class=\"wp-block-separator has-alpha-channel-opacity is-style-dots\"\/>\n\n\n\n<h2 class=\"wp-block-heading has-text-align-center\">Nowe w sklepie<\/h2>\n\n\n<div data-block-name=\"woocommerce\/product-new\" data-columns=\"4\" data-rows=\"1\" class=\"wc-block-grid wp-block-product-new wp-block-woocommerce-product-new wc-block-product-new has-4-columns\"><ul class=\"wc-block-grid__products\"><li class=\"wc-block-grid__product\">\n\t\t\t\t<a href=\"https:\/\/fitovalor.pl\/en\/product\/biostymulator-dla-twojego-ogrodu\/\" class=\"wc-block-grid__product-link\">\n\t\t\t\t\t\n\t\t\t\t\t<div class=\"wc-block-grid__product-image\"><img fetchpriority=\"high\" decoding=\"async\" width=\"422\" height=\"400\" src=\"https:\/\/fitovalor.pl\/wp-content\/uploads\/2025\/03\/Biostymulator.png\" class=\"attachment-woocommerce_thumbnail size-woocommerce_thumbnail\" alt=\"Biostymulator dla twojego domu FITOVALOR FullLife Garden\" srcset=\"https:\/\/fitovalor.pl\/wp-content\/uploads\/2025\/03\/Biostymulator.png 422w, https:\/\/fitovalor.pl\/wp-content\/uploads\/2025\/03\/Biostymulator-300x284.png 300w, https:\/\/fitovalor.pl\/wp-content\/uploads\/2025\/03\/Biostymulator-13x12.png 13w\" sizes=\"(max-width: 422px) 100vw, 422px\" \/><\/div>\n\t\t\t\t\t<div class=\"wc-block-grid__product-title\">Biostymulator dla Twojego ogrodu<\/div>\n\t\t\t\t<\/a>\n\t\t\t\t<div class=\"wc-block-grid__product-price price\"><span class=\"woocommerce-Price-amount amount\" aria-hidden=\"true\">7,78&nbsp;<span class=\"woocommerce-Price-currencySymbol\">&#122;&#322;<\/span><\/span> <span aria-hidden=\"true\">&ndash;<\/span> <span class=\"woocommerce-Price-amount amount\" aria-hidden=\"true\">24,88&nbsp;<span class=\"woocommerce-Price-currencySymbol\">&#122;&#322;<\/span><\/span><span class=\"screen-reader-text\" data-no-translation=\"\" data-trp-gettext=\"\">Price range: 7,78&nbsp;&#122;&#322; through 24,88&nbsp;&#122;&#322;<\/span><\/div>\n\t\t\t\t\n\t\t\t\t<div class=\"wp-block-button wc-block-grid__product-add-to-cart\"><a href=\"https:\/\/fitovalor.pl\/en\/product\/biostymulator-dla-twojego-ogrodu\/\" aria-label=\"Select options for \u201cBiostymulator dla Twojego ogrodu\u201d\" data-quantity=\"1\" data-product_id=\"3479\" data-product_sku=\"\" data-price=\"7.78\" rel=\"nofollow\" class=\"wp-block-button__link  add_to_cart_button\" data-no-translation=\"\" data-trp-gettext=\"\" data-no-translation-aria-label=\"\">Select options<\/a><\/div>\n\t\t\t<\/li><li class=\"wc-block-grid__product\">\n\t\t\t\t<a href=\"https:\/\/fitovalor.pl\/en\/product\/nawoz-humusowy-do-upraw-w-donicach\/\" class=\"wc-block-grid__product-link\">\n\t\t\t\t\t\n\t\t\t\t\t<div class=\"wc-block-grid__product-image\"><img decoding=\"async\" width=\"422\" height=\"400\" src=\"https:\/\/fitovalor.pl\/wp-content\/uploads\/2025\/03\/do-upraw-w-donicach.png\" class=\"attachment-woocommerce_thumbnail size-woocommerce_thumbnail\" alt=\"naw\u00f3z humusowy do upraw w donicach FITOVALOR FullLife Garden\" srcset=\"https:\/\/fitovalor.pl\/wp-content\/uploads\/2025\/03\/do-upraw-w-donicach.png 422w, https:\/\/fitovalor.pl\/wp-content\/uploads\/2025\/03\/do-upraw-w-donicach-300x284.png 300w, https:\/\/fitovalor.pl\/wp-content\/uploads\/2025\/03\/do-upraw-w-donicach-13x12.png 13w\" sizes=\"(max-width: 422px) 100vw, 422px\" \/><\/div>\n\t\t\t\t\t<div class=\"wc-block-grid__product-title\">Naw\u00f3z humusowy do upraw w donicach<\/div>\n\t\t\t\t<\/a>\n\t\t\t\t<div class=\"wc-block-grid__product-price price\"><span class=\"woocommerce-Price-amount amount\" aria-hidden=\"true\">7,78&nbsp;<span class=\"woocommerce-Price-currencySymbol\">&#122;&#322;<\/span><\/span> <span aria-hidden=\"true\">&ndash;<\/span> <span class=\"woocommerce-Price-amount amount\" aria-hidden=\"true\">24,88&nbsp;<span class=\"woocommerce-Price-currencySymbol\">&#122;&#322;<\/span><\/span><span class=\"screen-reader-text\" data-no-translation=\"\" data-trp-gettext=\"\">Price range: 7,78&nbsp;&#122;&#322; through 24,88&nbsp;&#122;&#322;<\/span><\/div>\n\t\t\t\t\n\t\t\t\t<div class=\"wp-block-button wc-block-grid__product-add-to-cart\"><a href=\"https:\/\/fitovalor.pl\/en\/product\/nawoz-humusowy-do-upraw-w-donicach\/\" aria-label=\"Select options for \u201cNaw\u00f3z humusowy do upraw w donicach\u201d\" data-quantity=\"1\" data-product_id=\"3468\" data-product_sku=\"\" data-price=\"7.78\" rel=\"nofollow\" class=\"wp-block-button__link  add_to_cart_button\" data-no-translation=\"\" data-trp-gettext=\"\" data-no-translation-aria-label=\"\">Select options<\/a><\/div>\n\t\t\t<\/li><li class=\"wc-block-grid__product\">\n\t\t\t\t<a href=\"https:\/\/fitovalor.pl\/en\/product\/nawoz-humusowy-do-roslin-kwitnacych\/\" class=\"wc-block-grid__product-link\">\n\t\t\t\t\t\n\t\t\t\t\t<div class=\"wc-block-grid__product-image\"><img decoding=\"async\" width=\"422\" height=\"400\" src=\"https:\/\/fitovalor.pl\/wp-content\/uploads\/2025\/03\/do-roslin-kwitnacych.png\" class=\"attachment-woocommerce_thumbnail size-woocommerce_thumbnail\" alt=\"naw\u00f3z humusowy do ro\u015blin kwitn\u0105cych FITOVALOR FullLife Garden\" srcset=\"https:\/\/fitovalor.pl\/wp-content\/uploads\/2025\/03\/do-roslin-kwitnacych.png 422w, https:\/\/fitovalor.pl\/wp-content\/uploads\/2025\/03\/do-roslin-kwitnacych-300x284.png 300w, https:\/\/fitovalor.pl\/wp-content\/uploads\/2025\/03\/do-roslin-kwitnacych-13x12.png 13w\" sizes=\"(max-width: 422px) 100vw, 422px\" \/><\/div>\n\t\t\t\t\t<div class=\"wc-block-grid__product-title\">Naw\u00f3z humusowy do ro\u015blin kwitn\u0105cych<\/div>\n\t\t\t\t<\/a>\n\t\t\t\t<div class=\"wc-block-grid__product-price price\"><span class=\"woocommerce-Price-amount amount\" aria-hidden=\"true\">7,78&nbsp;<span class=\"woocommerce-Price-currencySymbol\">&#122;&#322;<\/span><\/span> <span aria-hidden=\"true\">&ndash;<\/span> <span class=\"woocommerce-Price-amount amount\" aria-hidden=\"true\">24,88&nbsp;<span class=\"woocommerce-Price-currencySymbol\">&#122;&#322;<\/span><\/span><span class=\"screen-reader-text\" data-no-translation=\"\" data-trp-gettext=\"\">Price range: 7,78&nbsp;&#122;&#322; through 24,88&nbsp;&#122;&#322;<\/span><\/div>\n\t\t\t\t\n\t\t\t\t<div class=\"wp-block-button wc-block-grid__product-add-to-cart\"><a href=\"https:\/\/fitovalor.pl\/en\/product\/nawoz-humusowy-do-roslin-kwitnacych\/\" aria-label=\"Select options for \u201cNaw\u00f3z humusowy do ro\u015blin kwitn\u0105cych\u201d\" data-quantity=\"1\" data-product_id=\"3459\" data-product_sku=\"\" data-price=\"7.78\" rel=\"nofollow\" class=\"wp-block-button__link  add_to_cart_button\" data-no-translation=\"\" data-trp-gettext=\"\" data-no-translation-aria-label=\"\">Select options<\/a><\/div>\n\t\t\t<\/li><li class=\"wc-block-grid__product\">\n\t\t\t\t<a href=\"https:\/\/fitovalor.pl\/en\/product\/nawoz-humusowy-do-roslin-zielonych-i-traw\/\" class=\"wc-block-grid__product-link\">\n\t\t\t\t\t\n\t\t\t\t\t<div class=\"wc-block-grid__product-image\"><img loading=\"lazy\" decoding=\"async\" width=\"422\" height=\"400\" src=\"https:\/\/fitovalor.pl\/wp-content\/uploads\/2025\/03\/do-roslin-zielonych.png\" class=\"attachment-woocommerce_thumbnail size-woocommerce_thumbnail\" alt=\"naw\u00f3z humusowy do ro\u015blin zielonych FITOVALOR FullLife Garden\" srcset=\"https:\/\/fitovalor.pl\/wp-content\/uploads\/2025\/03\/do-roslin-zielonych.png 422w, https:\/\/fitovalor.pl\/wp-content\/uploads\/2025\/03\/do-roslin-zielonych-300x284.png 300w, https:\/\/fitovalor.pl\/wp-content\/uploads\/2025\/03\/do-roslin-zielonych-13x12.png 13w\" sizes=\"(max-width: 422px) 100vw, 422px\" \/><\/div>\n\t\t\t\t\t<div class=\"wc-block-grid__product-title\">Naw\u00f3z humusowy do ro\u015blin zielonych i traw<\/div>\n\t\t\t\t<\/a>\n\t\t\t\t<div class=\"wc-block-grid__product-price price\"><span class=\"woocommerce-Price-amount amount\" aria-hidden=\"true\">7,78&nbsp;<span class=\"woocommerce-Price-currencySymbol\">&#122;&#322;<\/span><\/span> <span aria-hidden=\"true\">&ndash;<\/span> <span class=\"woocommerce-Price-amount amount\" aria-hidden=\"true\">24,88&nbsp;<span class=\"woocommerce-Price-currencySymbol\">&#122;&#322;<\/span><\/span><span class=\"screen-reader-text\" data-no-translation=\"\" data-trp-gettext=\"\">Price range: 7,78&nbsp;&#122;&#322; through 24,88&nbsp;&#122;&#322;<\/span><\/div>\n\t\t\t\t\n\t\t\t\t<div class=\"wp-block-button wc-block-grid__product-add-to-cart\"><a href=\"https:\/\/fitovalor.pl\/en\/product\/nawoz-humusowy-do-roslin-zielonych-i-traw\/\" aria-label=\"Select options for \u201cNaw\u00f3z humusowy do ro\u015blin zielonych i traw\u201d\" data-quantity=\"1\" data-product_id=\"3451\" data-product_sku=\"\" data-price=\"7.78\" rel=\"nofollow\" class=\"wp-block-button__link  add_to_cart_button\" data-no-translation=\"\" data-trp-gettext=\"\" data-no-translation-aria-label=\"\">Select options<\/a><\/div>\n\t\t\t<\/li><\/ul><\/div><\/div>\n<\/div>","protected":false},"excerpt":{"rendered":"","protected":false},"author":1,"featured_media":0,"parent":0,"menu_order":0,"comment_status":"closed","ping_status":"closed","template":"","meta":{"footnotes":""},"class_list":["post-3209","page","type-page","status-publish","hentry"],"_links":{"self":[{"href":"https:\/\/fitovalor.pl\/en\/wp-json\/wp\/v2\/pages\/3209","targetHints":{"allow":["GET"]}}],"collection":[{"href":"https:\/\/fitovalor.pl\/en\/wp-json\/wp\/v2\/pages"}],"about":[{"href":"https:\/\/fitovalor.pl\/en\/wp-json\/wp\/v2\/types\/page"}],"author":[{"embeddable":true,"href":"https:\/\/fitovalor.pl\/en\/wp-json\/wp\/v2\/users\/1"}],"replies":[{"embeddable":true,"href":"https:\/\/fitovalor.pl\/en\/wp-json\/wp\/v2\/comments?post=3209"}],"version-history":[{"count":1,"href":"https:\/\/fitovalor.pl\/en\/wp-json\/wp\/v2\/pages\/3209\/revisions"}],"predecessor-version":[{"id":3405,"href":"https:\/\/fitovalor.pl\/en\/wp-json\/wp\/v2\/pages\/3209\/revisions\/3405"}],"wp:attachment":[{"href":"https:\/\/fitovalor.pl\/en\/wp-json\/wp\/v2\/media?parent=3209"}],"curies":[{"name":"wp","href":"https:\/\/api.w.org\/{rel}","templated":true}]}}