{"id":3199,"date":"2025-02-21T09:29:28","date_gmt":"2025-02-21T08:29:28","guid":{"rendered":"https:\/\/fitovalor.pl\/?page_id=3199"},"modified":"2026-03-02T08:02:09","modified_gmt":"2026-03-02T07:02:09","slug":"polityka-prywatnosci","status":"publish","type":"page","link":"https:\/\/fitovalor.pl\/en\/polityka-prywatnosci\/","title":{"rendered":"Polityka prywatno\u015bci"},"content":{"rendered":"<div data-elementor-type=\"wp-page\" data-elementor-id=\"3199\" class=\"elementor elementor-3199\" data-elementor-post-type=\"page\">\n\t\t\t\t<div class=\"elementor-element elementor-element-3f08ec34 e-flex e-con-boxed e-con e-parent\" data-id=\"3f08ec34\" data-element_type=\"container\" data-e-type=\"container\">\n\t\t\t\t\t<div class=\"e-con-inner\">\n\t\t\t\t<div class=\"elementor-element elementor-element-d5a5564 elementor-widget elementor-widget-heading\" data-id=\"d5a5564\" data-element_type=\"widget\" data-e-type=\"widget\" data-widget_type=\"heading.default\">\n\t\t\t\t<div class=\"elementor-widget-container\">\n\t\t\t\t\t<h1 class=\"elementor-heading-title elementor-size-default\">Privacy Policy<\/h1>\t\t\t\t<\/div>\n\t\t\t\t<\/div>\n\t\t\t\t<div class=\"elementor-element elementor-element-6dfdbd85 elementor-widget elementor-widget-text-editor\" data-id=\"6dfdbd85\" data-element_type=\"widget\" data-e-type=\"widget\" data-widget_type=\"text-editor.default\">\n\t\t\t\t<div class=\"elementor-widget-container\">\n\t\t\t\t\t\t\t\t\t<p style=\"text-align: center;\"><strong>1. Postanowienia og\u00f3lne<\/strong><\/p><ol><li>Niniejsza polityka prywatno\u015bci okre\u015bla zasady przetwarzania danych osobowych zbieranych za po\u015brednictwem Sklepu Internetowego i serwisu internetowego dost\u0119pnego pod adresem fitovalor.pl.<\/li><li>W\u0142a\u015bcicielem Sklepu Internetowego i serwisu internetowego dost\u0119pnego pod adresem fitovalor.pl jest Fitovalor sp\u00f3\u0142ka z ograniczon\u0105 odpowiedzialno\u015bci\u0105 z siedzib\u0105 w Olkuszu, ul. Marcina Bylicy 2, 32-300 Olkusz, wpisana do rejestru przedsi\u0119biorc\u00f3w Krajowego Rejestru S\u0105dowego prowadzonego przez S\u0105d Rejonowy dla Krakowa &#8211; \u015ar\u00f3dmie\u015bcia w\u00a0 Krakowie, XII Wydzia\u0142 Gospodarczy Krajowego Rejestru S\u0105dowego pod numerem KRS: 0000413519, kapita\u0142 zak\u0142adowy: 20 000,00 z\u0142, REGON: 122521836, NIP: 9452167683 (dalej: \u201eW\u0142a\u015bciciel\u201d).<\/li><li>Definicje:<ol><li>Administrator \u2013 Fitovalor sp\u00f3\u0142ka z ograniczon\u0105 odpowiedzialno\u015bci\u0105 z siedzib\u0105 w Olkuszu, ul. Bylicy 2, 32-300 Olkusz, wpisana do rejestru przedsi\u0119biorc\u00f3w Krajowego Rejestru S\u0105dowego prowadzonego przez S\u0105d Rejonowy dla Krakowa-\u015ar\u00f3dmie\u015bcia w Krakowie, XII Wydzia\u0142 Gospodarczy Krajowego Rejestru S\u0105dowego pod numerem KRS: 0000413519, kapita\u0142 zak\u0142adowy: \u00a0\u00a0\u00a0\u00a0\u00a0\u00a0\u00a0\u00a0\u00a0\u00a0\u00a0\u00a0\u00a0\u00a0\u00a0\u00a0\u00a0\u00a020 000,00 z\u0142, REGON: 122521836, NIP: 9452167683;<\/li><li>Dane osobowe \u2013 oznaczaj\u0105 wszelkie informacje o zidentyfikowanej lub mo\u017cliwej do zidentyfikowania osobie fizycznej w szczeg\u00f3lno\u015bci na podstawie identyfikatora takiego jak imi\u0119 i nazwisko, numer identyfikacyjny, dane o lokalizacji, identyfikator internetowy lub jeden b\u0105d\u017a kilka szczeg\u00f3lnych czynnik\u00f3w okre\u015blaj\u0105cych fizyczn\u0105, fizjologiczn\u0105, genetyczn\u0105, psychiczn\u0105, ekonomiczn\u0105, kulturow\u0105 lub spo\u0142eczn\u0105 to\u017csamo\u015b\u0107 osoby fizycznej, w tym IP urz\u0105dzenia, identyfikator internetowy oraz informacje gromadzone za po\u015brednictwem plik\u00f3w cookie oraz innej podobnej technologii;<\/li><li>Kupuj\u0105cy \u2013 U\u017cytkownik b\u0119d\u0105cy osob\u0105 fizyczn\u0105, kt\u00f3ry na zasadach wskazanych w Regulaminie zamawia produkt u Sprzedawcy;<\/li><li>Polityka \u2013 niniejsza polityka prywatno\u015bci;<\/li><li>Regulamin \u2013 dost\u0119pny na stronie internetowej Sprzedawcy pod adresem: https:\/\/fitovalor.pl\/ i udost\u0119pniany Kupuj\u0105cym podczas dokonywania zakup\u00f3w w Sklepie Internetowym Regulamin Sklepu Internetowego Fitovalor sp\u00f3\u0142ka z ograniczon\u0105 odpowiedzialno\u015bci\u0105 z siedzib\u0105 w Olkuszu okre\u015blaj\u0105cy zasady dokonywania zakup\u00f3w w Sklepie Internetowym Sprzedawcy;<\/li><li>RODO \u2013 rozporz\u0105dzenie Parlamentu Europejskiego i Rady (UE) 2016\/679 z 27 kwietnia 2016 r. w sprawie ochrony os\u00f3b fizycznych w zwi\u0105zku z przetwarzaniem danych osobowych i w sprawie swobodnego przep\u0142ywu takich danych oraz uchylenia dyrektywy 95\/46\/WE;<\/li><li>Serwis \u2013 serwis internetowy prowadzony przez Administratora pod adresem: fitovalor.pl;<\/li><li>Sklep Internetowy \u2013 sklep internetowy prowadzony przez Sprzedawc\u0119 pod adresem: pl\/produkty za po\u015brednictwem kt\u00f3rego Kupuj\u0105cy mog\u0105 dokonywa\u0107 zakupu produkt\u00f3w Sprzedawcy;<\/li><li>Sprzedawca \u2013 Fitovalor sp\u00f3\u0142ka z ograniczon\u0105 odpowiedzialno\u015bci\u0105 z siedzib\u0105 w Olkuszu, ul. Bylicy 2, 32-300 Olkusz, wpisana do rejestru przedsi\u0119biorc\u00f3w Krajowego Rejestru S\u0105dowego prowadzonego przez S\u0105d Rejonowy dla Krakowa-\u015ar\u00f3dmie\u015bcia w Krakowie, XII Wydzia\u0142 Gospodarczy Krajowego Rejestru S\u0105dowego pod numerem KRS: 0000413519, kapita\u0142 zak\u0142adowy: \u00a0\u00a0\u00a0\u00a0\u00a0\u00a0\u00a0\u00a0\u00a0\u00a0\u00a0\u00a0\u00a0\u00a0\u00a0\u00a0\u00a0\u00a020 000,00 z\u0142, REGON: 122521836, NIP: 9452167683;<\/li><li>Umowa Sprzeda\u017cy \u2013 umowa sprzeda\u017cy produktu zawarta pomi\u0119dzy Sprzedaj\u0105cym a Kupuj\u0105cym za po\u015brednictwem Sklepu Internetowego;<\/li><li>U\u017cytkownik \u2013 ka\u017cda osoba fizyczna korzystaj\u0105ca z Serwisu, odwiedzaj\u0105ca j\u0105 lub w inny spos\u00f3b przekazuj\u0105ca Administratorowi swoje dane osobowe za po\u015brednictwem sieci Internet.<\/li><\/ol><\/li><li>Serwis (jego zawarto\u015b\u0107 i struktura) jest chroniony prawami autorskimi. Niedozwolone jest wykorzystywanie jakichkolwiek prezentowanych w Serwisie materia\u0142\u00f3w lub element\u00f3w Serwisu dla cel\u00f3w komercyjnych bez zgody W\u0142a\u015bciciela.<\/li><\/ol><p style=\"text-align: center;\"><strong>2. <\/strong><strong>Ochrona danych osobowych<\/strong><\/p><ol><li>Administrator jest administratorem przetwarzanych danych osobowych w rozumieniu RODO.<\/li><li>Z Administratorem mo\u017cna si\u0119 skontaktowa\u0107 si\u0119 drog\u0105 pocztow\u0105, na adres: ul. Marcina Bylicy 2, 32-300 Olkusz lub poprzez e-mail: office@fitovalor.pl.<\/li><li>Administrator przetwarza dane osobowe w granicach i przypadkach prawnie okre\u015blonych, w zgodzie z przepisami prawa, a w szczeg\u00f3lno\u015bci z RODO. Zbieranie danych osobowych nast\u0119puje w zwi\u0105zku z korzystaniem przez U\u017cytkownika z Serwisu lub innych form komunikacji z Administratorem na odleg\u0142o\u015b\u0107 i mo\u017ce obejmowa\u0107:<ol><li>dane zbierane automatycznie w zwi\u0105zku z korzystaniem przez U\u017cytkownika z Serwisu \u2013 dane log\u00f3w Serwisu, przetwarzane na podstawie przepisu 6 ust. 1 lit. f RODO;<\/li><li>dane identyfikacyjne zbierane za po\u015brednictwem Sklepu Internetowego, wszelkich formularzy kontaktowych lub zg\u0142oszeniowych przetwarzane na podstawie przepisu art. 6 ust. 1 lit. b RODO w celu wykonywania um\u00f3w zawartych z osob\u0105, kt\u00f3rej dane dotycz\u0105, podj\u0119cia dzia\u0142a\u0144 poprzedzaj\u0105cych zawarcie umowy dokonywanych na \u017c\u0105danie tej osoby lub przes\u0142ania U\u017cytkownikowi zam\u00f3wionej przez niego informacji handlowej.<\/li><\/ol><\/li><li>Dane osobowe U\u017cytkownik\u00f3w s\u0105 przetwarzane przez Administratora w celu:<ol><li>\u015bwiadczenia us\u0142ug drog\u0105 elektroniczn\u0105 w zakresie udost\u0119pniania U\u017cytkownikom tre\u015bci gromadzonych w Serwisie, wykonywania Um\u00f3w Sprzeda\u017cy zawartych pomi\u0119dzy Administratorem a U\u017cytkownikiem lub podj\u0119cia dzia\u0142a\u0144 poprzedzaj\u0105cych zawarcie umowy dokonywanych na \u017c\u0105danie U\u017cytkownika \u2013 w\u00f3wczas podstaw\u0105 prawn\u0105 przetwarzania danych jest niezb\u0119dno\u015b\u0107 przetwarzania do wykonania umowy (art. 6 ust. 1 lit. b RODO);<\/li><li>w celu realizacji przez Administratora prawnie usprawiedliwionych interes\u00f3w w\u0142asnych polegaj\u0105cych na prowadzeniu dzia\u0142a\u0144 analitycznych, statystycznych oraz prac rozwojowych polegaj\u0105cych na prowadzeniu analiz aktywno\u015bci U\u017cytkownik\u00f3w w Serwisie i Sklepie Internetowym oraz w celu doskonalenia stosowanych w Serwisie i Sklepie Internetowym funkcjonalno\u015bci \u2013 podstaw\u0105 prawn\u0105 przetwarzania danych jest niezb\u0119dno\u015b\u0107 przetwarzania do cel\u00f3w wynikaj\u0105cych z prawnie uzasadnionych interes\u00f3w realizowanych przez Sprzedawc\u0119 (art. 6 ust. 1 lit. f RODO);<\/li><li>przes\u0142ania zam\u00f3wionej informacji handlowej \u2013 podstaw\u0105 prawn\u0105 przetwarzania jest prawnie uzasadniony interes Administratora (art. 6 ust. 1 lit. a i f RODO) w zwi\u0105zku z wyra\u017con\u0105 przez U\u017cytkownika zgod\u0105 na przetwarzanie danych osobowych;<\/li><li>ustalenia i dochodzenia roszcze\u0144 lub obrony przed roszczeniami w\u00f3wczas podstaw\u0105 prawn\u0105 przetwarzania jest prawnie uzasadniony interes Administratora polegaj\u0105cy na ochronie jego praw (art. 6 ust. 1 lit. f RODO).<\/li><\/ol><\/li><li>Podanie danych przez U\u017cytkownika w celach wskazanych w \u00a7 2 ust. 4a i c jest dobrowolne, ale ich niepodanie skutkuje brakiem mo\u017cliwo\u015bci zawarcia umowy, podj\u0119cia przez W\u0142a\u015bciciela dzia\u0142a\u0144 poprzedzaj\u0105cych zawarcie umowy lub uzyskania informacji handlowej przez U\u017cytkownika.<\/li><li>Podanie danych przez U\u017cytkownika w celu wskazanym w \u00a7 2 ust. 4b jest dobrowolne. U\u017cytkownik ma mo\u017cliwo\u015b\u0107 skorzystania z tzw. trybu incognito w celu przegl\u0105dania Serwisu bez udost\u0119pniania Administratorowi informacji o jego wizycie w Serwisie. Korzystanie z trybu incognito, a zatem niepodanie danych, nie ma wp\u0142ywu na mo\u017cliwo\u015b\u0107 korzystania z Serwisu.<\/li><li>Okres przetwarzania danych przez Administratora zale\u017cy od\u00a0 rodzaju\u00a0 \u015bwiadczonej us\u0142ugi\u00a0 i\u00a0 celu\u00a0 \u00a0 Co do zasady dane przetwarzane\u00a0 s\u0105\u00a0 przez\u00a0 czas\u00a0 \u015bwiadczenia us\u0142ugi,\u00a0 do\u00a0 czasu\u00a0 wycofania\u00a0 wyra\u017conej\u00a0 zgody\u00a0 lub\u00a0 zg\u0142oszenia\u00a0 skutecznego\u00a0 sprzeciwu wzgl\u0119dem przetwarzania\u00a0 danych\u00a0 w\u00a0\u00a0 przypadkach,\u00a0 gdy\u00a0 podstaw\u0105\u00a0 prawn\u0105\u00a0 przetwarzania danych jest prawnie uzasadniony interes Administratora (art. 6 ust. 1 lit. f RODO).\u00a0<\/li><li>Okres przetwarzania danych mo\u017ce by\u0107\u00a0 przed\u0142u\u017cony\u00a0 w\u00a0 przypadku,\u00a0 gdy\u00a0 przetwarzanie jest\u00a0 niezb\u0119dne\u00a0 do\u00a0 ustalenia\u00a0 i\u00a0 dochodzenia\u00a0 ewentualnych\u00a0 roszcze\u0144\u00a0 lub\u00a0 obrony\u00a0 przed roszczeniami,\u00a0 a\u00a0 po\u00a0 tym\u00a0 czasie\u00a0 jedynie\u00a0 w\u00a0\u00a0 przypadku\u00a0 i\u00a0 w\u00a0 zakresie, w jakim b\u0119d\u0105 wymaga\u0107 tego przepisy prawa. Po up\u0142ywie okresu przetwarzania dane s\u0105 nieodwracalnie usuwane.<\/li><li>Administrator mo\u017ce stosowa\u0107 profilowanie w Sklepie Internetowym w celach marketingowych, jednak nie wp\u0142ywa to na decyzje dotycz\u0105ce zawarcia lub odmowy zawarcia Umowy Sprzeda\u017cy. Profilowanie mo\u017ce skutkowa\u0107 m.in. przyznaniem U\u017cytkownikowi rabatu, przypomnieniem o niedoko\u0144czonych zakupach czy rekomendacj\u0105 produktu zgodnego z preferencjami U\u017cytkownika. Ostateczna decyzja o skorzystaniu z takiej oferty nale\u017cy do U\u017cytkownika.<\/li><li>Profilowanie w Sklepie Internetowym obejmuje automatyczn\u0105 analiz\u0119 lub prognoz\u0119 dzia\u0142a\u0144 U\u017cytkownika takich jak dodanie produktu do koszyka czy analiza wcze\u015bniejszych zakup\u00f3w U\u017cytkownika.<\/li><li>Dane osobowe U\u017cytkownika mog\u0105 by\u0107 przekazywane w niezb\u0119dnym zakresie odbiorcom danych \u2013 podmiotom \u015bwiadcz\u0105cym na rzecz Administratora us\u0142ugi wsparcia, w ramach stosunku powierzenia przetwarzania danych osobowych, w zwi\u0105zku z korzystaniem z us\u0142ug dostarczanych przez te podmioty. Dane osobowe U\u017cytkownika mog\u0105 by\u0107 w szczeg\u00f3lno\u015bci przekazywane nast\u0119puj\u0105cym odbiorcom:<ol><li>podmiotom zapewniaj\u0105cym realizacj\u0119 zam\u00f3wienia U\u017cytkownika z\u0142o\u017conego w Sklepie Internetowym i dostaw\u0119 produktu do U\u017cytkownika \u2013 w takim przypadku dane osobowe U\u017cytkownika wykorzystywane s\u0105 w celu niezb\u0119dnym do realizacji Umowy Sprzeda\u017cy zawartej pomi\u0119dzy Administratorem a U\u017cytkownikiem;<\/li><li>dostawcom p\u0142atno\u015bci \u2013 w takim przypadku dane osobowe U\u017cytkownika wykorzystywane s\u0105 w celu niezb\u0119dnym do realizacji p\u0142atno\u015bci za zam\u00f3wienie z\u0142o\u017cone przez U\u017cytkownika w Sklepie Internetowym;<\/li><li>dostawcom us\u0142ug umo\u017cliwiaj\u0105cych prowadzenie Sprzedawcy dzia\u0142alno\u015bci gospodarczej, w tym Sklepu Internetowego, w szczeg\u00f3lno\u015bci dostawcom oprogramowania do prowadzenia Sklepu Internetowego, dostawcom oprogramowania ksi\u0119gowego, dostawcom oprogramowania biurowego np. poczty elektronicznej, hostingodawcy \u2013 w takim przypadku dane osobowe wykorzystywane s\u0105 w celu niezb\u0119dnych do realizacji Umowy Sprzeda\u017cy zawartej pomi\u0119dzy Administratorem a U\u017cytkownikiem;<\/li><li>dostawcom us\u0142ug marketingowych \u2013 w takim przypadku dane wykorzystywane s\u0105 do realizacji cel\u00f3w wynikaj\u0105cych z prawnie uzasadnionych interes\u00f3w realizowanych przez Administratora;<\/li><li>dostawcom innych us\u0142ug umo\u017cliwiaj\u0105cych Administratorowi prowadzenie dzia\u0142alno\u015bci, w tym us\u0142ug ksi\u0119gowych, prawnych i doradczych &#8211; takim przypadku dane osobowe wykorzystywane s\u0105 w celu niezb\u0119dnych do realizacji Umowy Sprzeda\u017cy zawartej pomi\u0119dzy Administratorem a U\u017cytkownikiem oraz do realizacji cel\u00f3w wynikaj\u0105cych z prawnie uzasadnionych interes\u00f3w realizowanych przez Administratora.<\/li><\/ol><\/li><\/ol><p style=\"text-align: center;\"><strong> 3. <\/strong><strong>Uprawnienia U\u017cytkownika<\/strong><\/p><ol><li>U\u017cytkownikowi przys\u0142uguje prawo dost\u0119pu do tre\u015bci danych osobowych oraz \u017c\u0105dania ich sprostowania, usuni\u0119cia, ograniczenia przetwarzania, prawo do przenoszenia danych osobowych oraz prawo wniesienia skargi do Prezesa Urz\u0119du Ochrony Danych Osobowych.<\/li><li>Osoba, kt\u00f3ra wyrazi\u0142a zgod\u0119 na przetwarzanie danych osobowych, ma prawo do wycofania tej zgody w ka\u017cdym momencie. Nie wp\u0142ywa to jednak na zgodno\u015b\u0107 z prawem przetwarzania danych osobowych przed wycofaniem zgody.<\/li><li>U\u017cytkownikowi przys\u0142uguje prawo\u00a0\u00a0 wniesienia\u00a0\u00a0 sprzeciwu\u00a0\u00a0 wzgl\u0119dem przetwarzania danych osobowych, kt\u00f3re odbywa\u00a0 si\u0119\u00a0 w\u00a0 oparciu\u00a0 o\u00a0 prawnie\u00a0 uzasadniony\u00a0 interes Administratora.<\/li><\/ol><p style=\"text-align: center;\"><strong> 4. <\/strong><strong>Bezpiecze\u0144stwo danych osobowych<\/strong><\/p><ol><li>Administrator przetwarza dane osobowe U\u017cytkownik\u00f3w z poszanowaniem wszystkich wymog\u00f3w prawnych i technicznych na\u0142o\u017conych na niego przez powszechnie obowi\u0105zuj\u0105ce przepisy dotycz\u0105ce ochrony danych osobowych.<\/li><li>Administrator na bie\u017c\u0105co prowadzi analiz\u0119 ryzyka w celu zapewnienia, \u017ce dane osobowe przetwarzane s\u0105 przez niego w spos\u00f3b bezpieczny \u2013 zapewniaj\u0105cy przede wszystkim, \u017ce dost\u0119p do danych osobowych maj\u0105 jedynie osoby upowa\u017cnione i jedynie w zakresie, w jakim jest to niezb\u0119dne ze wzgl\u0119du na wykonywane przez nie zadania. Administrator dba o to, by wszystkie operacje na danych osobowych by\u0142y rejestrowane i dokonywane jedynie przez uprawnionych pracownik\u00f3w i wsp\u00f3\u0142pracownik\u00f3w.<\/li><li>Dane osobowe U\u017cytkownika, w granicach uj\u0119tych Polityk\u0105 i powszechnie obowi\u0105zuj\u0105cymi przepisami prawa zostan\u0105 zachowane w poufno\u015bci.<\/li><\/ol><p style=\"text-align: center;\"><strong> 5. <\/strong><strong>Cookies<\/strong><\/p><ol><li>Administrator u\u017cywa plik\u00f3w cookies m.in. w celu dostosowania Serwisu i Sklepu Internetowego do potrzeb U\u017cytkownik\u00f3w oraz w celach statystycznych. Cookies to niewielkie pliki tekstowe przechowywane na urz\u0105dzeniu ko\u0144cowym U\u017cytkownika Serwisu wysy\u0142ane przez serwis internetowy kt\u00f3ry odwiedza U\u017cytkownik.<\/li><li>Podmiotem zamieszczaj\u0105cym pliki cookies na urz\u0105dzeniu ko\u0144cowym U\u017cytkownika Serwisu i Sklepu Internetowego oraz uzyskuj\u0105cym do nich dost\u0119p jest Administrator. Podczas korzystania przez U\u017cytkownika z serwisu automatyczne zbierane s\u0105 dane takie jak: adres IP, nazwa domeny, typ przegl\u0105darki, typ systemu operacyjnego.<\/li><li>W Serwisie i Sklepie Internetowym mog\u0105 by\u0107 wykorzystywane nast\u0119puj\u0105ce rodzaje plik\u00f3w cookies:<ol><li>sta\u0142e \u2013 przechowywane przez czas okre\u015blony w parametrach plik\u00f3w cookies lub do czasu ich r\u0119cznego usuni\u0119cia;<\/li><li>sesyjne \u2013 przechowywane do czasu opuszczenia strony internetowej Fitovalor, Sklepu Internetowego lub wy\u0142\u0105czenia przegl\u0105darki internetowej.<\/li><\/ol><\/li><li>Ze wzgl\u0119du na cel, do kt\u00f3rego u\u017cywane s\u0105 pliki cookies, Administrator mo\u017ce stosowa\u0107 nast\u0119puj\u0105ce rodzaje plik\u00f3w cookies:<ol><li>niezb\u0119dne \u2013 pliki cookies niezb\u0119dne do prawid\u0142owego funkcjonowania Serwisu i Sklepu Internetowego;<\/li><li>funkcjonalne \u2013 pliki cookies wykorzystywane do zapewnienia bezpiecze\u0144stwa Serwisu i Sklepu Internetowego, do dostosowania Sklepu Internetowego do preferencji U\u017cytkownika i do prowadzenia dzia\u0142a\u0144 marketingowych wobec U\u017cytkownika i mierzenie ich skuteczno\u015bci;<\/li><li>analityczne \u2013 pliki cookies wykorzystywane do pozyskiwania informacji o sposobie korzystania przez U\u017cytkownika z Serwisu i Sklepu Internetowego.<\/li><\/ol><\/li><li>Poni\u017cej przedstawiono list\u0119 plik\u00f3w cookies wykorzystywanych w Serwisie i Sklepie Internetowym:<\/li><\/ol><table><tbody><tr><td width=\"172\"><p>Nazwa pliku cookie<\/p><\/td><td width=\"180\"><p>Funkcja<\/p><\/td><td width=\"180\"><p>Maksymalny okres przechowywania<\/p><\/td><\/tr><tr><td width=\"172\"><p>e_globals<\/p><\/td><td width=\"180\"><p>Funkcjonalne, przekazywanie funkcji mi\u0119dzy stronami<\/p><\/td><td width=\"180\"><p>Sesja<\/p><\/td><\/tr><tr><td width=\"172\"><p>wp_lang<\/p><\/td><td width=\"180\"><p>Funkcjonalne, przechowywanie wyboru j\u0119zyka<\/p><\/td><td width=\"180\"><p>Sesja<\/p><\/td><\/tr><tr><td width=\"172\"><p>_grecaptcha<\/p><\/td><td width=\"180\"><p>Funkcjonalne, ochrona przed spamem<\/p><\/td><td width=\"180\"><p>6 miesi\u0119cy<\/p><\/td><\/tr><tr><td width=\"172\"><p>_ga<\/p><\/td><td width=\"180\"><p>Analityczne, zliczanie i \u015bledzenie wy\u015bwietle\u0144 stron<\/p><\/td><td width=\"180\"><p>2 lata<\/p><\/td><\/tr><\/tbody><\/table><ol start=\"6\"><li>U\u017cytkownik mo\u017ce w ka\u017cdej chwili zmieni\u0107 w przegl\u0105darce internetowej ustawienia plik\u00f3w cookies, w tym usun\u0105\u0107 pliki cookies oraz zablokowa\u0107 wykorzystywanie plik\u00f3w cookies podczas kolejnych wizyt U\u017cytkownika w Serwisie i Sklepie Internetowym. Brak zmiany ustawie\u0144 plik\u00f3w cookies oznacza akceptacj\u0119 dla stosowanych plik\u00f3w cookies.<\/li><li>Zebrane logi przechowywane s\u0105 przez okres 24 miesi\u0119cy od dnia ich zebrania lub do czasu zg\u0142oszenia przez U\u017cytkownika skutecznego sprzeciwu wobec przetwarzania danych w tym zakresie, i przetwarzane s\u0105 jako materia\u0142 pomocniczy s\u0142u\u017c\u0105cy do administrowania Serwisem. Informacje w nich zawarte nie s\u0105 ujawniane nikomu poza osobami upowa\u017cnionymi do administrowania Serwisem. Na podstawie plik\u00f3w log\u00f3w mog\u0105 by\u0107 generowane statystki stanowi\u0105ce pomoc w administrowaniu. Zbiorcze podsumowania w postaci takich statystyk nie zawieraj\u0105 \u017cadnych cech identyfikuj\u0105cych osoby odwiedzaj\u0105ce Serwis.<\/li><li>Przetwarzanie danych, o kt\u00f3rych mowa powy\u017cej odbywa si\u0119 w odniesieniu do danych log\u00f3w na podstawie przepisu art. 6 ust. 1 lit. f RODO, tj. w celu realizacji uzasadnionego interesu Administratora obejmuj\u0105cego administrowanie Serwisem i prowadzenie statystyk, a tak\u017ce w zwi\u0105zku z udzieleniem zgody, na podstawie przepisu art. 6 ust. 1 lit. a RODO, w odniesieniu do danych zbieranych z wykorzystaniem cookies. Zgoda udzielona przez U\u017cytkownika mo\u017ce by\u0107 wycofana w ka\u017cdym czasie, z zastrze\u017ceniem, i\u017c nie b\u0119dzie mia\u0142o to wp\u0142ywu na przetwarzanie zachodz\u0105ce przed jej wycofaniem.<\/li><li>Serwis zbiera r\u00f3wnie\u017c informacje statystyczne oraz informacje, kt\u00f3re pomagaj\u0105 zrozumie\u0107 w jaki spos\u00f3b U\u017cytkownicy korzystaj\u0105 z Serwisu, co umo\u017cliwia ulepszanie jej struktury i zawarto\u015bci. Do tego celu wykorzystane zosta\u0142y mechanizmy Google Analytics, kt\u00f3ry w ciasteczkach przechowuje wy\u0142\u0105cznie informacje pozwalaj\u0105ce na jednoznaczne odr\u00f3\u017cnienie system\u00f3w komputerowych.<\/li><\/ol><p><strong> 6. <\/strong><strong>Contact<\/strong><\/p><ol><li>U\u017cytkownik mo\u017ce w dowolnym czasie skontaktowa\u0107 si\u0119 z Administratorem w celu uzyskania informacji na temat sposobu, w jaki Administrator przetwarza lub zamierza przetwarza\u0107 jego dane osobowe.<\/li><li>Z Administratorem mo\u017cna skontaktowa\u0107 si\u0119 wysy\u0142aj\u0105c wiadomo\u015b\u0107 na adres email: office@fitovalor.pl.<\/li><\/ol>\t\t\t\t\t\t\t\t<\/div>\n\t\t\t\t<\/div>\n\t\t\t\t\t<\/div>\n\t\t\t\t<\/div>\n\t\t\t\t<\/div>","protected":false},"excerpt":{"rendered":"<p>Polityka Prywatno\u015bci 1. Postanowienia og\u00f3lne Niniejsza polityka prywatno\u015bci okre\u015bla zasady przetwarzania danych osobowych zbieranych za po\u015brednictwem Sklepu Internetowego i serwisu internetowego dost\u0119pnego pod adresem fitovalor.pl. W\u0142a\u015bcicielem Sklepu Internetowego i serwisu internetowego dost\u0119pnego pod adresem fitovalor.pl jest Fitovalor sp\u00f3\u0142ka z ograniczon\u0105 odpowiedzialno\u015bci\u0105 z siedzib\u0105 w Olkuszu, ul. Marcina Bylicy 2, 32-300 Olkusz, wpisana do rejestru przedsi\u0119biorc\u00f3w [&hellip;]<\/p>\n","protected":false},"author":1,"featured_media":0,"parent":0,"menu_order":0,"comment_status":"closed","ping_status":"closed","template":"elementor_header_footer","meta":{"footnotes":""},"class_list":["post-3199","page","type-page","status-publish","hentry"],"_links":{"self":[{"href":"https:\/\/fitovalor.pl\/en\/wp-json\/wp\/v2\/pages\/3199","targetHints":{"allow":["GET"]}}],"collection":[{"href":"https:\/\/fitovalor.pl\/en\/wp-json\/wp\/v2\/pages"}],"about":[{"href":"https:\/\/fitovalor.pl\/en\/wp-json\/wp\/v2\/types\/page"}],"author":[{"embeddable":true,"href":"https:\/\/fitovalor.pl\/en\/wp-json\/wp\/v2\/users\/1"}],"replies":[{"embeddable":true,"href":"https:\/\/fitovalor.pl\/en\/wp-json\/wp\/v2\/comments?post=3199"}],"version-history":[{"count":11,"href":"https:\/\/fitovalor.pl\/en\/wp-json\/wp\/v2\/pages\/3199\/revisions"}],"predecessor-version":[{"id":4545,"href":"https:\/\/fitovalor.pl\/en\/wp-json\/wp\/v2\/pages\/3199\/revisions\/4545"}],"wp:attachment":[{"href":"https:\/\/fitovalor.pl\/en\/wp-json\/wp\/v2\/media?parent=3199"}],"curies":[{"name":"wp","href":"https:\/\/api.w.org\/{rel}","templated":true}]}}