{"id":1736,"date":"2024-02-02T15:18:24","date_gmt":"2024-02-02T15:18:24","guid":{"rendered":"https:\/\/fitovalor.pl\/?page_id=1736"},"modified":"2026-03-02T08:07:21","modified_gmt":"2026-03-02T07:07:21","slug":"kapusta-omen","status":"publish","type":"page","link":"https:\/\/fitovalor.pl\/en\/wdrozenia\/kapusta-omen\/","title":{"rendered":"Kapusta Omen"},"content":{"rendered":"\t\t<div data-elementor-type=\"wp-page\" data-elementor-id=\"1736\" class=\"elementor elementor-1736\" data-elementor-post-type=\"page\">\n\t\t\t\t\t\t<section class=\"elementor-section elementor-top-section elementor-element elementor-element-128bf6d blob_section_white_top blob_section_white_bottom elementor-section-content-middle elementor-section-boxed elementor-section-height-default elementor-section-height-default\" data-id=\"128bf6d\" data-element_type=\"section\" data-e-type=\"section\" data-settings=\"{&quot;background_background&quot;:&quot;classic&quot;}\">\n\t\t\t\t\t\t\t<div class=\"elementor-background-overlay\"><\/div>\n\t\t\t\t\t\t\t<div class=\"elementor-container elementor-column-gap-default\">\n\t\t\t\t\t<div class=\"elementor-column elementor-col-50 elementor-top-column elementor-element elementor-element-4edad79\" data-id=\"4edad79\" data-element_type=\"column\" data-e-type=\"column\">\n\t\t\t<div class=\"elementor-widget-wrap elementor-element-populated\">\n\t\t\t\t\t\t<div class=\"elementor-element elementor-element-ffa33b4 elementor-widget__width-inherit elementor-widget elementor-widget-heading\" data-id=\"ffa33b4\" data-element_type=\"widget\" data-e-type=\"widget\" data-widget_type=\"heading.default\">\n\t\t\t\t<div class=\"elementor-widget-container\">\n\t\t\t\t\t<h1 class=\"elementor-heading-title elementor-size-default\">Kapusta bia\u0142a<br>Rodziny Omen<\/h1>\t\t\t\t<\/div>\n\t\t\t\t<\/div>\n\t\t\t\t\t<\/div>\n\t\t<\/div>\n\t\t\t\t<div class=\"elementor-column elementor-col-50 elementor-top-column elementor-element elementor-element-c27116e\" data-id=\"c27116e\" data-element_type=\"column\" data-e-type=\"column\">\n\t\t\t<div class=\"elementor-widget-wrap elementor-element-populated\">\n\t\t\t\t\t\t\t<\/div>\n\t\t<\/div>\n\t\t\t\t\t<\/div>\n\t\t<\/section>\n\t\t<div class=\"elementor-element elementor-element-1c36f65 e-flex e-con-boxed e-con e-parent\" data-id=\"1c36f65\" data-element_type=\"container\" data-e-type=\"container\">\n\t\t\t\t\t<div class=\"e-con-inner\">\n\t\t<div class=\"elementor-element elementor-element-773b786 e-con-full e-flex e-con e-child\" data-id=\"773b786\" data-element_type=\"container\" data-e-type=\"container\">\n\t\t\t\t<div class=\"elementor-element elementor-element-ecb20a3 elementor-widget elementor-widget-heading\" data-id=\"ecb20a3\" data-element_type=\"widget\" data-e-type=\"widget\" data-widget_type=\"heading.default\">\n\t\t\t\t<div class=\"elementor-widget-container\">\n\t\t\t\t\t<h2 class=\"elementor-heading-title elementor-size-default\">Dane dotycz\u0105ce uprawy<\/h2>\t\t\t\t<\/div>\n\t\t\t\t<\/div>\n\t\t\t\t<div class=\"elementor-element elementor-element-8d8bdfc elementor-widget elementor-widget-text-editor\" data-id=\"8d8bdfc\" data-element_type=\"widget\" data-e-type=\"widget\" data-widget_type=\"text-editor.default\">\n\t\t\t\t<div class=\"elementor-widget-container\">\n\t\t\t\t\t\t\t\t\t<ul><li>Nazwa Gospodarstwa: <strong>Gospodarstwo Rolne Adrian Omen<\/strong><\/li><li>Lokalizacja: Borowe, woj. mazowieckie\u00a0<\/li><li>Uprawa: <strong>k<\/strong><b>apusta bia\u0142a<\/b><\/li><li>Termin siewu: <b>maj\u00a0<\/b><strong>2023<\/strong> . . : : . . Termin zbioru: <strong>pa\u017adziernik 2023<\/strong><\/li><li>Powierzchnia wdro\u017cenia: <strong>1 ha<\/strong><\/li><li>Wydajno\u015b\u0107 oczekiwana: <b>~4<\/b><strong>0 t\/ha<\/strong><\/li><li>Wydajno\u015b\u0107 rzeczywista FITOVALOR: <b>8<\/b><strong>0 t\/ha<\/strong><\/li><li>Korzy\u015b\u0107 finansowa: 20t x 1 ha x 1.000 z\u0142\/t w skupie <strong>= 20.000 z\u0142<\/strong><\/li><\/ul>\t\t\t\t\t\t\t\t<\/div>\n\t\t\t\t<\/div>\n\t\t\t\t<\/div>\n\t\t<div class=\"elementor-element elementor-element-160edaf e-con-full e-flex e-con e-child\" data-id=\"160edaf\" data-element_type=\"container\" data-e-type=\"container\">\n\t\t\t\t<div class=\"elementor-element elementor-element-697673c elementor-widget elementor-widget-image\" data-id=\"697673c\" data-element_type=\"widget\" data-e-type=\"widget\" data-widget_type=\"image.default\">\n\t\t\t\t<div class=\"elementor-widget-container\">\n\t\t\t\t\t\t\t\t\t\t\t\t\t\t\t<img fetchpriority=\"high\" decoding=\"async\" width=\"519\" height=\"313\" src=\"https:\/\/fitovalor.pl\/wp-content\/uploads\/2024\/02\/Omen-kapusta.jpg\" class=\"attachment-large size-large wp-image-1839\" alt=\"\" srcset=\"https:\/\/fitovalor.pl\/wp-content\/uploads\/2024\/02\/Omen-kapusta.jpg 519w, https:\/\/fitovalor.pl\/wp-content\/uploads\/2024\/02\/Omen-kapusta-300x181.jpg 300w, https:\/\/fitovalor.pl\/wp-content\/uploads\/2024\/02\/Omen-kapusta-18x12.jpg 18w\" sizes=\"(max-width: 519px) 100vw, 519px\" \/>\t\t\t\t\t\t\t\t\t\t\t\t\t\t\t<\/div>\n\t\t\t\t<\/div>\n\t\t\t\t<\/div>\n\t\t\t\t\t<\/div>\n\t\t\t\t<\/div>\n\t\t<div class=\"elementor-element elementor-element-747b091 blob_section_white_top blob_section_white_bottom e-flex e-con-boxed e-con e-parent\" data-id=\"747b091\" data-element_type=\"container\" data-e-type=\"container\" data-settings=\"{&quot;background_background&quot;:&quot;classic&quot;}\">\n\t\t\t\t\t<div class=\"e-con-inner\">\n\t\t<div class=\"elementor-element elementor-element-b220727 e-con-full e-flex e-con e-child\" data-id=\"b220727\" data-element_type=\"container\" data-e-type=\"container\" data-settings=\"{&quot;background_background&quot;:&quot;classic&quot;}\">\n\t\t<div class=\"elementor-element elementor-element-6884634 e-con-full e-flex e-con e-child\" data-id=\"6884634\" data-element_type=\"container\" data-e-type=\"container\">\n\t\t\t\t<div class=\"elementor-element elementor-element-498b1f2 elementor-widget elementor-widget-heading\" data-id=\"498b1f2\" data-element_type=\"widget\" data-e-type=\"widget\" data-widget_type=\"heading.default\">\n\t\t\t\t<div class=\"elementor-widget-container\">\n\t\t\t\t\t<span class=\"elementor-heading-title elementor-size-default\">Uprawa kapusty tu\u017c przed opryskiem<\/span>\t\t\t\t<\/div>\n\t\t\t\t<\/div>\n\t\t\t\t<\/div>\n\t\t<div class=\"elementor-element elementor-element-ca06d5d e-con-full e-flex e-con e-child\" data-id=\"ca06d5d\" data-element_type=\"container\" data-e-type=\"container\">\n\t\t\t\t<div class=\"elementor-element elementor-element-e5de0ac elementor-widget elementor-widget-heading\" data-id=\"e5de0ac\" data-element_type=\"widget\" data-e-type=\"widget\" data-widget_type=\"heading.default\">\n\t\t\t\t<div class=\"elementor-widget-container\">\n\t\t\t\t\t<span class=\"elementor-heading-title elementor-size-default\">Kontrola<\/span>\t\t\t\t<\/div>\n\t\t\t\t<\/div>\n\t\t\t\t<\/div>\n\t\t\t\t<div class=\"elementor-element elementor-element-651b029 elementor-widget elementor-widget-image\" data-id=\"651b029\" data-element_type=\"widget\" data-e-type=\"widget\" data-widget_type=\"image.default\">\n\t\t\t\t<div class=\"elementor-widget-container\">\n\t\t\t\t\t\t\t\t\t\t\t\t\t\t\t<img decoding=\"async\" width=\"580\" height=\"250\" src=\"https:\/\/fitovalor.pl\/wp-content\/uploads\/2024\/02\/Wdr-Omen-uprawa-1.jpg\" class=\"attachment-large size-large wp-image-2702\" alt=\"\" srcset=\"https:\/\/fitovalor.pl\/wp-content\/uploads\/2024\/02\/Wdr-Omen-uprawa-1.jpg 659w, https:\/\/fitovalor.pl\/wp-content\/uploads\/2024\/02\/Wdr-Omen-uprawa-1-600x259.jpg 600w, https:\/\/fitovalor.pl\/wp-content\/uploads\/2024\/02\/Wdr-Omen-uprawa-1-300x129.jpg 300w, https:\/\/fitovalor.pl\/wp-content\/uploads\/2024\/02\/Wdr-Omen-uprawa-1-18x8.jpg 18w\" sizes=\"(max-width: 580px) 100vw, 580px\" \/>\t\t\t\t\t\t\t\t\t\t\t\t\t\t\t<\/div>\n\t\t\t\t<\/div>\n\t\t\t\t<\/div>\n\t\t<div class=\"elementor-element elementor-element-24c31e7 e-con-full e-flex e-con e-child\" data-id=\"24c31e7\" data-element_type=\"container\" data-e-type=\"container\" data-settings=\"{&quot;background_background&quot;:&quot;classic&quot;}\">\n\t\t<div class=\"elementor-element elementor-element-0f66a0b e-con-full e-flex e-con e-child\" data-id=\"0f66a0b\" data-element_type=\"container\" data-e-type=\"container\">\n\t\t\t\t<div class=\"elementor-element elementor-element-b33c233 elementor-widget elementor-widget-heading\" data-id=\"b33c233\" data-element_type=\"widget\" data-e-type=\"widget\" data-widget_type=\"heading.default\">\n\t\t\t\t<div class=\"elementor-widget-container\">\n\t\t\t\t\t<span class=\"elementor-heading-title elementor-size-default\">Uprawa kapusty tu\u017c przed opryskiem<\/span>\t\t\t\t<\/div>\n\t\t\t\t<\/div>\n\t\t\t\t<\/div>\n\t\t<div class=\"elementor-element elementor-element-4362fdf e-con-full e-flex e-con e-child\" data-id=\"4362fdf\" data-element_type=\"container\" data-e-type=\"container\">\n\t\t\t\t<div class=\"elementor-element elementor-element-64d46d2 elementor-widget elementor-widget-heading\" data-id=\"64d46d2\" data-element_type=\"widget\" data-e-type=\"widget\" data-widget_type=\"heading.default\">\n\t\t\t\t<div class=\"elementor-widget-container\">\n\t\t\t\t\t<span class=\"elementor-heading-title elementor-size-default\">Kontrola<\/span>\t\t\t\t<\/div>\n\t\t\t\t<\/div>\n\t\t\t\t<\/div>\n\t\t\t\t<div class=\"elementor-element elementor-element-0ee7e05 elementor-widget elementor-widget-image\" data-id=\"0ee7e05\" data-element_type=\"widget\" data-e-type=\"widget\" data-widget_type=\"image.default\">\n\t\t\t\t<div class=\"elementor-widget-container\">\n\t\t\t\t\t\t\t\t\t\t\t\t\t\t\t<img decoding=\"async\" width=\"580\" height=\"249\" src=\"https:\/\/fitovalor.pl\/wp-content\/uploads\/2024\/02\/Wdr-Omen-uprawa-2.jpg\" class=\"attachment-large size-large wp-image-2703\" alt=\"\" srcset=\"https:\/\/fitovalor.pl\/wp-content\/uploads\/2024\/02\/Wdr-Omen-uprawa-2.jpg 659w, https:\/\/fitovalor.pl\/wp-content\/uploads\/2024\/02\/Wdr-Omen-uprawa-2-600x258.jpg 600w, https:\/\/fitovalor.pl\/wp-content\/uploads\/2024\/02\/Wdr-Omen-uprawa-2-300x129.jpg 300w, https:\/\/fitovalor.pl\/wp-content\/uploads\/2024\/02\/Wdr-Omen-uprawa-2-18x8.jpg 18w\" sizes=\"(max-width: 580px) 100vw, 580px\" \/>\t\t\t\t\t\t\t\t\t\t\t\t\t\t\t<\/div>\n\t\t\t\t<\/div>\n\t\t\t\t<\/div>\n\t\t\t\t\t<\/div>\n\t\t\t\t<\/div>\n\t\t<div class=\"elementor-element elementor-element-c4df96f e-flex e-con-boxed e-con e-parent\" data-id=\"c4df96f\" data-element_type=\"container\" data-e-type=\"container\">\n\t\t\t\t\t<div class=\"e-con-inner\">\n\t\t<div class=\"elementor-element elementor-element-70db4a1 e-con-full e-flex e-con e-child\" data-id=\"70db4a1\" data-element_type=\"container\" data-e-type=\"container\">\n\t\t\t\t<div class=\"elementor-element elementor-element-7c5bcd9 elementor-widget elementor-widget-heading\" data-id=\"7c5bcd9\" data-element_type=\"widget\" data-e-type=\"widget\" data-widget_type=\"heading.default\">\n\t\t\t\t<div class=\"elementor-widget-container\">\n\t\t\t\t\t<h2 class=\"elementor-heading-title elementor-size-default\">Konkluzje<\/h2>\t\t\t\t<\/div>\n\t\t\t\t<\/div>\n\t\t\t\t<div class=\"elementor-element elementor-element-c433759 elementor-widget elementor-widget-text-editor\" data-id=\"c433759\" data-element_type=\"widget\" data-e-type=\"widget\" data-widget_type=\"text-editor.default\">\n\t\t\t\t<div class=\"elementor-widget-container\">\n\t\t\t\t\t\t\t\t\t<p>Nie mieli\u015bmy \u015bwiadomo\u015bci, \u017ce nasz Klient postanowi ratowa\u0107 swoj\u0105 plantacj\u0119 kapusty bia\u0142ej, st\u0105d nie posiadamy zdj\u0119\u0107 z efekt\u00f3w po zastosowaniu naszego nawozu. Mo\u017cemy jedynie przytoczy\u0107 s\u0142owa Rolanda Omena z listu referencyjnego, kt\u00f3ry od niego otrzymali\u015bmy:<\/p>\n<p>&#8222;Plantacja kapusty jest dla nas przyk\u0142adem spektakularnego rezultatu. Plantacja rozwija\u0142a si\u0119 s\u0142abo; w pewnym momencie obawiali\u015bmy si\u0119, \u017ce <br>\u2013 m\u00f3wi\u0105c kolokwialnie \u2013 &#8222;z kapusty nic nie b\u0119dzie&#8221;. W pa\u017adzierniku dwukrotnie nawie\u017ali\u015bmy plantacj\u0119 kapusty FITOVALOR O80. W ci\u0105gu dos\u0142ownie 2 tygodni kapusta zanotowa\u0142a taki przyrost, \u017ce nie mogli\u015bmy w to uwierzy\u0107. Dzi\u0119ki nawozowi O80 jeste\u015bmy bardzo zadowoleni ze zbior\u00f3w&#8221;.<\/p>\t\t\t\t\t\t\t\t<\/div>\n\t\t\t\t<\/div>\n\t\t\t\t<\/div>\n\t\t<div class=\"elementor-element elementor-element-e6f434b e-con-full elementor-hidden-tablet elementor-hidden-mobile e-flex e-con e-child\" data-id=\"e6f434b\" data-element_type=\"container\" data-e-type=\"container\">\n\t\t\t\t<\/div>\n\t\t<div class=\"elementor-element elementor-element-e5352f8 e-con-full elementor-hidden-tablet elementor-hidden-mobile e-flex e-con e-child\" data-id=\"e5352f8\" data-element_type=\"container\" data-e-type=\"container\" data-settings=\"{&quot;position&quot;:&quot;absolute&quot;}\">\n\t\t\t\t<div class=\"elementor-element elementor-element-4d052a9 elementor-widget elementor-widget-image\" data-id=\"4d052a9\" data-element_type=\"widget\" data-e-type=\"widget\" data-settings=\"{&quot;_animation&quot;:&quot;none&quot;}\" data-widget_type=\"image.default\">\n\t\t\t\t<div class=\"elementor-widget-container\">\n\t\t\t\t\t\t\t\t\t\t\t\t\t\t\t<img loading=\"lazy\" decoding=\"async\" width=\"914\" height=\"416\" src=\"https:\/\/fitovalor.pl\/wp-content\/uploads\/2024\/02\/Wdr-Omen-big.jpg\" class=\"attachment-full size-full wp-image-2701\" alt=\"\" srcset=\"https:\/\/fitovalor.pl\/wp-content\/uploads\/2024\/02\/Wdr-Omen-big.jpg 914w, https:\/\/fitovalor.pl\/wp-content\/uploads\/2024\/02\/Wdr-Omen-big-600x273.jpg 600w, https:\/\/fitovalor.pl\/wp-content\/uploads\/2024\/02\/Wdr-Omen-big-300x137.jpg 300w, https:\/\/fitovalor.pl\/wp-content\/uploads\/2024\/02\/Wdr-Omen-big-768x350.jpg 768w, https:\/\/fitovalor.pl\/wp-content\/uploads\/2024\/02\/Wdr-Omen-big-18x8.jpg 18w\" sizes=\"(max-width: 914px) 100vw, 914px\" \/>\t\t\t\t\t\t\t\t\t\t\t\t\t\t\t<\/div>\n\t\t\t\t<\/div>\n\t\t\t\t<\/div>\n\t\t\t\t\t<\/div>\n\t\t\t\t<\/div>\n\t\t<div class=\"elementor-element elementor-element-e9063e9 e-con-full blob_section_white_top e-flex e-con e-parent\" data-id=\"e9063e9\" data-element_type=\"container\" data-e-type=\"container\">\n\t\t\t\t<div class=\"elementor-element elementor-element-bbd31f2 elementor-widget elementor-widget-shortcode\" data-id=\"bbd31f2\" data-element_type=\"widget\" data-e-type=\"widget\" data-widget_type=\"shortcode.default\">\n\t\t\t\t<div class=\"elementor-widget-container\">\n\t\t\t\t\t\t\t<div class=\"elementor-shortcode\">\t\t<div data-elementor-type=\"container\" data-elementor-id=\"1291\" class=\"elementor elementor-1291\" data-elementor-post-type=\"elementor_library\">\n\t\t\t\t<div class=\"elementor-element elementor-element-704d252e e-flex e-con-boxed e-con e-parent\" data-id=\"704d252e\" data-element_type=\"container\" data-e-type=\"container\" data-settings=\"{&quot;background_background&quot;:&quot;classic&quot;}\">\n\t\t\t\t\t<div class=\"e-con-inner\">\n\t\t<div class=\"elementor-element elementor-element-39871aa1 e-con-full e-flex e-con e-child\" data-id=\"39871aa1\" data-element_type=\"container\" data-e-type=\"container\">\n\t\t<div class=\"elementor-element elementor-element-3d522743 e-flex e-con-boxed e-con e-child\" data-id=\"3d522743\" data-element_type=\"container\" data-e-type=\"container\">\n\t\t\t\t\t<div class=\"e-con-inner\">\n\t\t\t\t<div class=\"elementor-element elementor-element-5c5d886a elementor-widget elementor-widget-image\" data-id=\"5c5d886a\" data-element_type=\"widget\" data-e-type=\"widget\" data-settings=\"{&quot;_animation&quot;:&quot;none&quot;}\" data-widget_type=\"image.default\">\n\t\t\t\t<div class=\"elementor-widget-container\">\n\t\t\t\t\t\t\t\t\t\t\t\t\t\t\t<img loading=\"lazy\" decoding=\"async\" width=\"580\" height=\"369\" src=\"https:\/\/fitovalor.pl\/wp-content\/uploads\/2023\/11\/Pytania-ostatni-blok.jpg\" class=\"attachment-large size-large wp-image-2222\" alt=\"Doradztwo dla rolnik\u00f3w \u2013 konsultacje dotycz\u0105ce stosowania nawoz\u00f3w FITOVALOR\" srcset=\"https:\/\/fitovalor.pl\/wp-content\/uploads\/2023\/11\/Pytania-ostatni-blok.jpg 658w, https:\/\/fitovalor.pl\/wp-content\/uploads\/2023\/11\/Pytania-ostatni-blok-600x382.jpg 600w, https:\/\/fitovalor.pl\/wp-content\/uploads\/2023\/11\/Pytania-ostatni-blok-300x191.jpg 300w, https:\/\/fitovalor.pl\/wp-content\/uploads\/2023\/11\/Pytania-ostatni-blok-18x12.jpg 18w\" sizes=\"(max-width: 580px) 100vw, 580px\" \/>\t\t\t\t\t\t\t\t\t\t\t\t\t\t\t<\/div>\n\t\t\t\t<\/div>\n\t\t\t\t\t<\/div>\n\t\t\t\t<\/div>\n\t\t<div class=\"elementor-element elementor-element-713f136a e-con-full e-flex e-con e-child\" data-id=\"713f136a\" data-element_type=\"container\" data-e-type=\"container\">\n\t\t\t\t<div class=\"elementor-element elementor-element-76a3e816 elementor-widget elementor-widget-heading\" data-id=\"76a3e816\" data-element_type=\"widget\" data-e-type=\"widget\" data-widget_type=\"heading.default\">\n\t\t\t\t<div class=\"elementor-widget-container\">\n\t\t\t\t\t<h2 class=\"elementor-heading-title elementor-size-default\">Masz pytania?<\/h2>\t\t\t\t<\/div>\n\t\t\t\t<\/div>\n\t\t\t\t<div class=\"elementor-element elementor-element-9d9b50b elementor-widget elementor-widget-text-editor\" data-id=\"9d9b50b\" data-element_type=\"widget\" data-e-type=\"widget\" data-widget_type=\"text-editor.default\">\n\t\t\t\t<div class=\"elementor-widget-container\">\n\t\t\t\t\t\t\t\t\t<p>Napisz w skr\u00f3cie czego potrzebujesz \/ oczekujesz. Skontaktujemy si\u0119 z Tob\u0105!<\/p>\t\t\t\t\t\t\t\t<\/div>\n\t\t\t\t<\/div>\n\t\t\t\t<div class=\"elementor-element elementor-element-5d31cb48 elementor-button-align-stretch elementor-widget elementor-widget-form\" data-id=\"5d31cb48\" data-element_type=\"widget\" data-e-type=\"widget\" data-settings=\"{&quot;button_width&quot;:&quot;50&quot;,&quot;step_next_label&quot;:&quot;Nast\\u0119pny&quot;,&quot;step_previous_label&quot;:&quot;Poprzedni&quot;,&quot;step_type&quot;:&quot;number_text&quot;,&quot;step_icon_shape&quot;:&quot;circle&quot;}\" data-widget_type=\"form.default\">\n\t\t\t\t<div class=\"elementor-widget-container\">\n\t\t\t\t\t\t\t<form class=\"elementor-form\" method=\"post\" name=\"Nowy formularz\" aria-label=\"Nowy formularz\">\n\t\t\t<input type=\"hidden\" name=\"post_id\" value=\"1291\"\/>\n\t\t\t<input type=\"hidden\" name=\"form_id\" value=\"5d31cb48\"\/>\n\t\t\t<input type=\"hidden\" name=\"referer_title\" value=\"Naw\u00f3z organiczno-mineralny O-10 - Fitovalor\" \/>\n\n\t\t\t\t\t\t\t<input type=\"hidden\" name=\"queried_id\" value=\"2318\"\/>\n\t\t\t\n\t\t\t<div class=\"elementor-form-fields-wrapper elementor-labels-\">\n\t\t\t\t\t\t\t\t<div class=\"elementor-field-type-email elementor-field-group elementor-column elementor-field-group-email elementor-col-75 elementor-field-required\">\n\t\t\t\t\t\t\t\t\t\t\t\t<label for=\"form-field-email\" class=\"elementor-field-label elementor-screen-only\">\n\t\t\t\t\t\t\t\tTw\u00f3j e-mail\t\t\t\t\t\t\t<\/label>\n\t\t\t\t\t\t\t\t\t\t\t\t\t\t<input size=\"1\" type=\"email\" name=\"form_fields[email]\" id=\"form-field-email\" class=\"elementor-field elementor-size-sm  elementor-field-textual\" placeholder=\"Tw\u00f3j e-mail\" required=\"required\">\n\t\t\t\t\t\t\t\t\t\t\t<\/div>\n\t\t\t\t\t\t\t\t<div class=\"elementor-field-type-tel elementor-field-group elementor-column elementor-field-group-field_94c8562 elementor-col-75 elementor-field-required\">\n\t\t\t\t\t\t\t\t\t\t\t\t<label for=\"form-field-field_94c8562\" class=\"elementor-field-label elementor-screen-only\">\n\t\t\t\t\t\t\t\tTelefon\t\t\t\t\t\t\t<\/label>\n\t\t\t\t\t\t\t\t<input size=\"1\" type=\"tel\" name=\"form_fields[field_94c8562]\" id=\"form-field-field_94c8562\" class=\"elementor-field elementor-size-sm  elementor-field-textual\" placeholder=\"Telefon\" required=\"required\" pattern=\"[0-9()#&amp;+*-=.]+\" title=\"Akceptowane s\u0105 jedynie cyfry i znaki telefoniczne (#,-,*).\">\n\n\t\t\t\t\t\t<\/div>\n\t\t\t\t\t\t\t\t<div class=\"elementor-field-type-textarea elementor-field-group elementor-column elementor-field-group-message elementor-col-75\">\n\t\t\t\t\t\t\t\t\t\t\t\t<label for=\"form-field-message\" class=\"elementor-field-label elementor-screen-only\">\n\t\t\t\t\t\t\t\tWiadomo\u015b\u0107\t\t\t\t\t\t\t<\/label>\n\t\t\t\t\t\t<textarea class=\"elementor-field-textual elementor-field  elementor-size-sm\" name=\"form_fields[message]\" id=\"form-field-message\" rows=\"6\" placeholder=\"Wiadomo\u015b\u0107\"><\/textarea>\t\t\t\t<\/div>\n\t\t\t\t\t\t\t\t<div class=\"elementor-field-type-acceptance elementor-field-group elementor-column elementor-field-group-field_f418d6a elementor-col-75 elementor-field-required\">\n\t\t\t\t\t\t\t<div class=\"elementor-field-subgroup\">\n\t\t\t<span class=\"elementor-field-option\">\n\t\t\t\t<input type=\"checkbox\" name=\"form_fields[field_f418d6a]\" id=\"form-field-field_f418d6a\" class=\"elementor-field elementor-size-sm  elementor-acceptance-field\" required=\"required\">\n\t\t\t\t<label for=\"form-field-field_f418d6a\">Wpisuj\u0105c sw\u00f3j adres e-mail godzisz si\u0119 na przetwarzanie przez nas Twoich danych osobowych zgodnie z nasz\u0105 polityk\u0105 prywatno\u015bci.<\/label>\t\t\t<\/span>\n\t\t<\/div>\n\t\t\t\t\t\t<\/div>\n\t\t\t\t\t\t\t\t<div class=\"elementor-field-type-recaptcha_v3 elementor-field-group elementor-column elementor-field-group-field_6ff056f elementor-col-100 recaptcha_v3-bottomright\">\n\t\t\t\t\t<div class=\"elementor-field\" id=\"form-field-field_6ff056f\"><div class=\"elementor-g-recaptcha\" data-sitekey=\"6LeIkzUlAAAAAJknOSnI9uiUdTdrWV6-OsyCJHDJ\" data-type=\"v3\" data-action=\"Form\" data-badge=\"bottomright\" data-size=\"invisible\"><\/div><\/div>\t\t\t\t<\/div>\n\t\t\t\t\t\t\t\t<div class=\"elementor-field-group elementor-column elementor-field-type-submit elementor-col-50 e-form__buttons\">\n\t\t\t\t\t<button class=\"elementor-button elementor-size-sm elementor-animation-grow\" type=\"submit\">\n\t\t\t\t\t\t<span class=\"elementor-button-content-wrapper\">\n\t\t\t\t\t\t\t\t\t\t\t\t\t\t\t\t\t\t\t\t\t\t<span class=\"elementor-button-text\">Wy\u015blij<\/span>\n\t\t\t\t\t\t\t\t\t\t\t\t\t<\/span>\n\t\t\t\t\t<\/button>\n\t\t\t\t<\/div>\n\t\t\t<\/div>\n\t\t<\/form>\n\t\t\t\t\t\t<\/div>\n\t\t\t\t<\/div>\n\t\t\t\t<\/div>\n\t\t\t\t<\/div>\n\t\t\t\t\t<\/div>\n\t\t\t\t<\/div>\n\t\t\t\t<\/div>\n\t\t<\/div>\n\t\t\t\t\t\t<\/div>\n\t\t\t\t<\/div>\n\t\t\t\t<\/div>\n\t\t\t\t<\/div>\n\t\t","protected":false},"excerpt":{"rendered":"<p>Kapusta bia\u0142aRodziny Omen Dane dotycz\u0105ce uprawy Nazwa Gospodarstwa: Gospodarstwo Rolne Adrian Omen Lokalizacja: Borowe, woj. mazowieckie\u00a0 Uprawa: kapusta bia\u0142a Termin siewu: maj\u00a02023 . . : : . . Termin zbioru: pa\u017adziernik 2023 Powierzchnia wdro\u017cenia: 1 ha Wydajno\u015b\u0107 oczekiwana: ~40 t\/ha Wydajno\u015b\u0107 rzeczywista FITOVALOR: 80 t\/ha Korzy\u015b\u0107 finansowa: 20t x 1 ha x 1.000 z\u0142\/t w [&hellip;]<\/p>\n","protected":false},"author":1,"featured_media":0,"parent":1323,"menu_order":0,"comment_status":"closed","ping_status":"closed","template":"elementor_header_footer","meta":{"footnotes":""},"class_list":["post-1736","page","type-page","status-publish","hentry"],"_links":{"self":[{"href":"https:\/\/fitovalor.pl\/en\/wp-json\/wp\/v2\/pages\/1736","targetHints":{"allow":["GET"]}}],"collection":[{"href":"https:\/\/fitovalor.pl\/en\/wp-json\/wp\/v2\/pages"}],"about":[{"href":"https:\/\/fitovalor.pl\/en\/wp-json\/wp\/v2\/types\/page"}],"author":[{"embeddable":true,"href":"https:\/\/fitovalor.pl\/en\/wp-json\/wp\/v2\/users\/1"}],"replies":[{"embeddable":true,"href":"https:\/\/fitovalor.pl\/en\/wp-json\/wp\/v2\/comments?post=1736"}],"version-history":[{"count":28,"href":"https:\/\/fitovalor.pl\/en\/wp-json\/wp\/v2\/pages\/1736\/revisions"}],"predecessor-version":[{"id":4567,"href":"https:\/\/fitovalor.pl\/en\/wp-json\/wp\/v2\/pages\/1736\/revisions\/4567"}],"up":[{"embeddable":true,"href":"https:\/\/fitovalor.pl\/en\/wp-json\/wp\/v2\/pages\/1323"}],"wp:attachment":[{"href":"https:\/\/fitovalor.pl\/en\/wp-json\/wp\/v2\/media?parent=1736"}],"curies":[{"name":"wp","href":"https:\/\/api.w.org\/{rel}","templated":true}]}}