{"id":1278,"date":"2023-11-21T10:29:50","date_gmt":"2023-11-21T10:29:50","guid":{"rendered":"https:\/\/fitovalor.pl\/?page_id=1278"},"modified":"2026-03-02T08:03:55","modified_gmt":"2026-03-02T07:03:55","slug":"borowka-amerykanska","status":"publish","type":"page","link":"https:\/\/fitovalor.pl\/en\/stosowanie\/borowka-amerykanska\/","title":{"rendered":"Blueberry"},"content":{"rendered":"\t\t<div data-elementor-type=\"wp-page\" data-elementor-id=\"1278\" class=\"elementor elementor-1278\" data-elementor-post-type=\"page\">\n\t\t\t\t\t\t<section class=\"elementor-section elementor-top-section elementor-element elementor-element-ca443e3 blob_section_white_top blob_section_cream_bottom elementor-section-content-middle elementor-section-boxed elementor-section-height-default elementor-section-height-default\" data-id=\"ca443e3\" data-element_type=\"section\" data-e-type=\"section\" data-settings=\"{&quot;background_background&quot;:&quot;classic&quot;}\">\n\t\t\t\t\t\t\t<div class=\"elementor-background-overlay\"><\/div>\n\t\t\t\t\t\t\t<div class=\"elementor-container elementor-column-gap-default\">\n\t\t\t\t\t<div class=\"elementor-column elementor-col-50 elementor-top-column elementor-element elementor-element-cab8f27\" data-id=\"cab8f27\" data-element_type=\"column\" data-e-type=\"column\">\n\t\t\t<div class=\"elementor-widget-wrap elementor-element-populated\">\n\t\t\t\t\t\t<div class=\"elementor-element elementor-element-5ea658b elementor-widget__width-initial elementor-widget elementor-widget-heading\" data-id=\"5ea658b\" data-element_type=\"widget\" data-e-type=\"widget\" data-widget_type=\"heading.default\">\n\t\t\t\t<div class=\"elementor-widget-container\">\n\t\t\t\t\t<h1 class=\"elementor-heading-title elementor-size-default\">Bor\u00f3wka Ameryka\u0144ska<\/h1>\t\t\t\t<\/div>\n\t\t\t\t<\/div>\n\t\t\t\t\t<\/div>\n\t\t<\/div>\n\t\t\t\t<div class=\"elementor-column elementor-col-50 elementor-top-column elementor-element elementor-element-2c4e117\" data-id=\"2c4e117\" data-element_type=\"column\" data-e-type=\"column\">\n\t\t\t<div class=\"elementor-widget-wrap\">\n\t\t\t\t\t\t\t<\/div>\n\t\t<\/div>\n\t\t\t\t\t<\/div>\n\t\t<\/section>\n\t\t<div class=\"elementor-element elementor-element-d61c9c3 blob_section_white_bottom e-flex e-con-boxed e-con e-parent\" data-id=\"d61c9c3\" data-element_type=\"container\" data-e-type=\"container\" data-settings=\"{&quot;background_background&quot;:&quot;classic&quot;}\">\n\t\t\t\t\t<div class=\"e-con-inner\">\n\t\t<div class=\"elementor-element elementor-element-d07dfdc e-flex e-con-boxed e-con e-child\" data-id=\"d07dfdc\" data-element_type=\"container\" data-e-type=\"container\">\n\t\t\t\t\t<div class=\"e-con-inner\">\n\t\t<div class=\"elementor-element elementor-element-fd3e1cc e-con-full e-flex e-con e-child\" data-id=\"fd3e1cc\" data-element_type=\"container\" data-e-type=\"container\">\n\t\t\t\t<div class=\"elementor-element elementor-element-7f21d54 tabela_stosowanie_produktu elementor-widget elementor-widget-text-editor\" data-id=\"7f21d54\" data-element_type=\"widget\" data-e-type=\"widget\" data-widget_type=\"text-editor.default\">\n\t\t\t\t<div class=\"elementor-widget-container\">\n\t\t\t\t\t\t\t\t\t<table style=\"border-collapse: collapse;\"><tbody><tr><td><strong>Terminy stosowania<\/strong><\/td><td><strong>Koncentrat FITOVALOR L\/ha<\/strong><\/td><\/tr><tr><td><p><strong>Przygotowanie nasion <\/strong><\/p><p>Zabieg opcjonalny<\/p><\/td><td><strong>1L koncentratu FITOVALOR<\/strong><br \/>Rozcie\u0144czy\u0107 na 10L wody na 1 ton\u0119 nasion moczy\u0107 przez 30-60 minut i nast\u0119pnie wysuszy\u0107. Tak przygotowane nasiona posadzi\u0107 w terminie do 3-dni<\/td><\/tr><tr><td><p><strong>P\u0119kanie p\u0105k\u00f3w<\/strong><\/p><p>Zabieg opcjonalny<\/p><\/td><td><strong>1L-1,5L koncentratu FITOVALOR<\/strong><br \/>Rozcie\u0144czy\u0107 na 200L-250L wody na 1 ha Mo\u017cna dodatkowo doda\u0107 do roztworu + 5 kg \u2013 8 kg mocznika<\/td><\/tr><tr><td><strong>Rozw\u00f3j p\u0105k\u00f3w<\/strong><\/td><td><strong>1L-1,5L koncentratu FITOVALOR<\/strong><br \/>Rozcie\u0144czy\u0107 na 200L-250L wody na 1 ha Dodatkowo doda\u0107 do roztworu + 5 kg \u2013 8 kg mocznika<\/td><\/tr><tr><td><strong>Pocz\u0105tkowy rozw\u00f3j li\u015bci i kwiatostan\u00f3w<\/strong><\/td><td><strong>1L-1,5L koncentratu FITOVALOR<\/strong><br \/>Rozcie\u0144czy\u0107 na 200L-250L wody na 1 ha Dodatkowo doda\u0107 do roztworu + 5 kg \u2013 8 kg mocznika<\/td><\/tr><tr><td><strong>Rozw\u00f3j kwiatostan\u00f3w do pocz\u0105tku kwitnienia<\/strong><\/td><td><strong>1L-1,5L koncentratu FITOVALOR<\/strong><br \/>Rozcie\u0144czy\u0107 na 200L-250L wody na 1 ha Dodatkowo doda\u0107 do roztworu + 5 kg \u2013 8 kg mocznika<\/td><\/tr><tr><td><p><strong>Koniec kwitnienia \/ pocz\u0105tek zawi\u0105zywania si\u0119 owoc\u00f3w <\/strong><\/p><p>Zabieg opcjonalny<\/p><\/td><td><strong>1L-1,5L koncentratu FITOVALOR<\/strong><br \/>Rozcie\u0144czy\u0107 na 200L-250L wody na 1 ha Mo\u017cna dodatkowo doda\u0107 do roztworu + 5 kg \u2013 8 kg mocznika<\/td><\/tr><tr><td><strong>Po zbiorach owoc\u00f3w<\/strong><\/td><td><strong>1L-1,5L koncentratu FITOVALOR<\/strong><br \/>Rozcie\u0144czy\u0107 na 200L-250L wody na 1 ha Dodatkowo doda\u0107 do roztworu + 5 kg \u2013 8 kg mocznika<\/td><\/tr><\/tbody><\/table>\t\t\t\t\t\t\t\t<\/div>\n\t\t\t\t<\/div>\n\t\t\t\t<\/div>\n\t\t<div class=\"elementor-element elementor-element-b39b6f3 e-con-full e-flex e-con e-child\" data-id=\"b39b6f3\" data-element_type=\"container\" data-e-type=\"container\" data-settings=\"{&quot;background_background&quot;:&quot;classic&quot;}\">\n\t\t\t\t<div class=\"elementor-element elementor-element-ba5075e elementor-widget elementor-widget-heading\" data-id=\"ba5075e\" data-element_type=\"widget\" data-e-type=\"widget\" data-widget_type=\"heading.default\">\n\t\t\t\t<div class=\"elementor-widget-container\">\n\t\t\t\t\t<span class=\"elementor-heading-title elementor-size-default\">Ilo\u015b\u0107 litr\u00f3w na ca\u0142y sezon <\/span>\t\t\t\t<\/div>\n\t\t\t\t<\/div>\n\t\t\t\t<div class=\"elementor-element elementor-element-1a811b5 elementor-widget elementor-widget-heading\" data-id=\"1a811b5\" data-element_type=\"widget\" data-e-type=\"widget\" data-widget_type=\"heading.default\">\n\t\t\t\t<div class=\"elementor-widget-container\">\n\t\t\t\t\t<span class=\"elementor-heading-title elementor-size-default\">4-10L<\/span>\t\t\t\t<\/div>\n\t\t\t\t<\/div>\n\t\t\t\t<div class=\"elementor-element elementor-element-8488505 elementor-widget elementor-widget-image\" data-id=\"8488505\" data-element_type=\"widget\" data-e-type=\"widget\" data-widget_type=\"image.default\">\n\t\t\t\t<div class=\"elementor-widget-container\">\n\t\t\t\t\t\t\t\t\t\t\t\t\t\t\t<img fetchpriority=\"high\" decoding=\"async\" width=\"263\" height=\"314\" src=\"https:\/\/fitovalor.pl\/wp-content\/uploads\/2023\/11\/O55.png\" class=\"attachment-large size-large wp-image-801\" alt=\"\" srcset=\"https:\/\/fitovalor.pl\/wp-content\/uploads\/2023\/11\/O55.png 263w, https:\/\/fitovalor.pl\/wp-content\/uploads\/2023\/11\/O55-251x300.png 251w, https:\/\/fitovalor.pl\/wp-content\/uploads\/2023\/11\/O55-10x12.png 10w\" sizes=\"(max-width: 263px) 100vw, 263px\" \/>\t\t\t\t\t\t\t\t\t\t\t\t\t\t\t<\/div>\n\t\t\t\t<\/div>\n\t\t\t\t<\/div>\n\t\t\t\t\t<\/div>\n\t\t\t\t<\/div>\n\t\t\t\t<div class=\"elementor-element elementor-element-c90306d elementor-widget elementor-widget-text-editor\" data-id=\"c90306d\" data-element_type=\"widget\" data-e-type=\"widget\" data-widget_type=\"text-editor.default\">\n\t\t\t\t<div class=\"elementor-widget-container\">\n\t\t\t\t\t\t\t\t\t<p>Podlewanie w cz\u0119\u015bci przy \u0142odygowej <strong>Raz w tygodniu 10-12 ml koncentratu na 10L wody<\/strong> <br \/>PH gotowego roztworu powinien by\u0107 w granicach <strong>4,5% \u2013 5,0%<\/strong><\/p>\t\t\t\t\t\t\t\t<\/div>\n\t\t\t\t<\/div>\n\t\t\t\t\t<\/div>\n\t\t\t\t<\/div>\n\t\t<div class=\"elementor-element elementor-element-fcf70c0 e-flex e-con-boxed e-con e-parent\" data-id=\"fcf70c0\" data-element_type=\"container\" data-e-type=\"container\">\n\t\t\t\t\t<div class=\"e-con-inner\">\n\t\t<div class=\"elementor-element elementor-element-b520ef1 e-con-full e-flex e-con e-child\" data-id=\"b520ef1\" data-element_type=\"container\" data-e-type=\"container\">\n\t\t\t\t<div class=\"elementor-element elementor-element-e692f95 elementor-widget elementor-widget-heading\" data-id=\"e692f95\" data-element_type=\"widget\" data-e-type=\"widget\" data-widget_type=\"heading.default\">\n\t\t\t\t<div class=\"elementor-widget-container\">\n\t\t\t\t\t<h2 class=\"elementor-heading-title elementor-size-default\">Zalecenia<\/h2>\t\t\t\t<\/div>\n\t\t\t\t<\/div>\n\t\t\t\t<div class=\"elementor-element elementor-element-86c623a elementor-widget elementor-widget-text-editor\" data-id=\"86c623a\" data-element_type=\"widget\" data-e-type=\"widget\" data-widget_type=\"text-editor.default\">\n\t\t\t\t<div class=\"elementor-widget-container\">\n\t\t\t\t\t\t\t\t\t<ul><li>Opryski wykonywa\u0107 gdy temperatura powietrza wynosi od +5 do +25\u00b0\u0421<\/li><li>Zabiegi dolistne nale\u017cy wykonywa\u0107 przy suchej pogodzie i przy braku silnych wiatr\u00f3w, za optymalne uwa\u017ca si\u0119 godziny poranne i wieczorne.<\/li><li>Zastosuj zar\u00f3wno sam, jak i w po\u0142\u0105czeniu z nawozami mineralnymi lub na ich tle (przy takim po\u0142\u0105czeniu wsp\u00f3\u0142czynnik wydajno\u015bci w postaci uzyskania wzrostu plonu znacznie wzrasta).<\/li><li>Nie nale\u017cy przekracza\u0107 zalecanych dawek.<\/li><\/ul>\t\t\t\t\t\t\t\t<\/div>\n\t\t\t\t<\/div>\n\t\t\t\t<div class=\"elementor-element elementor-element-3796f6e elementor-widget elementor-widget-heading\" data-id=\"3796f6e\" data-element_type=\"widget\" data-e-type=\"widget\" data-widget_type=\"heading.default\">\n\t\t\t\t<div class=\"elementor-widget-container\">\n\t\t\t\t\t<h2 class=\"elementor-heading-title elementor-size-default\">Przygotowanie cieczy roboczej<\/h2>\t\t\t\t<\/div>\n\t\t\t\t<\/div>\n\t\t\t\t<div class=\"elementor-element elementor-element-7d8f6f0 elementor-widget elementor-widget-text-editor\" data-id=\"7d8f6f0\" data-element_type=\"widget\" data-e-type=\"widget\" data-widget_type=\"text-editor.default\">\n\t\t\t\t<div class=\"elementor-widget-container\">\n\t\t\t\t\t\t\t\t\t<ul><li>Pojemnik dobrze wstrz\u0105sn\u0105\u0107 przed otwarciem i odmierzy\u0107 potrzebn\u0105 ilo\u015b\u0107 nawozu.<\/li><li>Nape\u0142ni\u0107 cz\u0119\u015bciowo zbiornik opryskiwacza wod\u0105 (w miar\u0119 mo\u017cliwo\u015bci u\u017cy\u0107 ciep\u0142ej wody o temperaturze +20 do +25\u00b0\u0421) i wla\u0107 przez sitko odmierzon\u0105 ilo\u015b\u0107 nawozu przy w\u0142\u0105czonym mieszadle.<\/li><li>Mieszaj\u0105c uzupe\u0142ni\u0107 zbiornik woda do potrzebnej obj\u0119to\u015bci.<\/li><li>Przygotowan\u0105 ciecz robocz\u0105 stosowa\u0107 bezpo\u015brednio po jej sporz\u0105dzeniu.<\/li><li>Naw\u00f3z mo\u017cna stosowa\u0107 \u0142\u0105cznie ze \u015brodkami ochrony ro\u015blin, po wcze\u015bniejszym wykonaniu pr\u00f3by ich mieszalno\u015bci, w wyniku kt\u00f3rej nie tworzy si\u0119 osad lub inny nierozpuszczalny element.<\/li><\/ul>\t\t\t\t\t\t\t\t<\/div>\n\t\t\t\t<\/div>\n\t\t\t\t<\/div>\n\t\t<div class=\"elementor-element elementor-element-937273e e-con-full elementor-hidden-tablet elementor-hidden-mobile e-flex e-con e-child\" data-id=\"937273e\" data-element_type=\"container\" data-e-type=\"container\">\n\t\t\t\t<\/div>\n\t\t<div class=\"elementor-element elementor-element-b5e67d4 e-con-full elementor-hidden-tablet elementor-hidden-mobile e-flex e-con e-child\" data-id=\"b5e67d4\" data-element_type=\"container\" data-e-type=\"container\" data-settings=\"{&quot;position&quot;:&quot;absolute&quot;}\">\n\t\t\t\t<div class=\"elementor-element elementor-element-8ec9f43 elementor-widget elementor-widget-image\" data-id=\"8ec9f43\" data-element_type=\"widget\" data-e-type=\"widget\" data-settings=\"{&quot;_animation&quot;:&quot;none&quot;}\" data-widget_type=\"image.default\">\n\t\t\t\t<div class=\"elementor-widget-container\">\n\t\t\t\t\t\t\t\t\t\t\t\t\t\t\t<img decoding=\"async\" width=\"914\" height=\"518\" src=\"https:\/\/fitovalor.pl\/wp-content\/uploads\/2023\/11\/Zastosowanie_borowka_right_baner.jpg\" class=\"attachment-full size-full wp-image-1282\" alt=\"\" srcset=\"https:\/\/fitovalor.pl\/wp-content\/uploads\/2023\/11\/Zastosowanie_borowka_right_baner.jpg 914w, https:\/\/fitovalor.pl\/wp-content\/uploads\/2023\/11\/Zastosowanie_borowka_right_baner-600x340.jpg 600w, https:\/\/fitovalor.pl\/wp-content\/uploads\/2023\/11\/Zastosowanie_borowka_right_baner-300x170.jpg 300w, https:\/\/fitovalor.pl\/wp-content\/uploads\/2023\/11\/Zastosowanie_borowka_right_baner-768x435.jpg 768w, https:\/\/fitovalor.pl\/wp-content\/uploads\/2023\/11\/Zastosowanie_borowka_right_baner-18x10.jpg 18w\" sizes=\"(max-width: 914px) 100vw, 914px\" \/>\t\t\t\t\t\t\t\t\t\t\t\t\t\t\t<\/div>\n\t\t\t\t<\/div>\n\t\t\t\t<\/div>\n\t\t\t\t\t<\/div>\n\t\t\t\t<\/div>\n\t\t<div class=\"elementor-element elementor-element-100afa4 e-flex e-con-boxed e-con e-parent\" data-id=\"100afa4\" data-element_type=\"container\" data-e-type=\"container\">\n\t\t\t\t\t<div class=\"e-con-inner\">\n\t\t<div class=\"elementor-element elementor-element-d57d8b6 e-con-full elementor-hidden-tablet elementor-hidden-mobile e-flex e-con e-child\" data-id=\"d57d8b6\" data-element_type=\"container\" data-e-type=\"container\">\n\t\t\t\t<\/div>\n\t\t<div class=\"elementor-element elementor-element-e66abae e-con-full e-flex e-con e-child\" data-id=\"e66abae\" data-element_type=\"container\" data-e-type=\"container\">\n\t\t\t\t<div class=\"elementor-element elementor-element-a2aa8ca elementor-widget elementor-widget-heading\" data-id=\"a2aa8ca\" data-element_type=\"widget\" data-e-type=\"widget\" data-widget_type=\"heading.default\">\n\t\t\t\t<div class=\"elementor-widget-container\">\n\t\t\t\t\t<h2 class=\"elementor-heading-title elementor-size-default\">Warunki przechowywania<\/h2>\t\t\t\t<\/div>\n\t\t\t\t<\/div>\n\t\t\t\t<div class=\"elementor-element elementor-element-87cff58 elementor-widget elementor-widget-text-editor\" data-id=\"87cff58\" data-element_type=\"widget\" data-e-type=\"widget\" data-widget_type=\"text-editor.default\">\n\t\t\t\t<div class=\"elementor-widget-container\">\n\t\t\t\t\t\t\t\t\t<ul><li>Przechowywa\u0107 w ch\u0142odnym i ciemnym miejscu, w oryginalnych opakowaniach, w temperaturze od +5\u00b0\u0421 do +30\u00b0\u0421<\/li><li>Niezu\u017cyte opakowania z nawozem po terminie przydatno\u015bci zutylizowa\u0107.<\/li><li>Termin przydatno\u015bci 2 lata.<\/li><\/ul>\t\t\t\t\t\t\t\t<\/div>\n\t\t\t\t<\/div>\n\t\t\t\t<div class=\"elementor-element elementor-element-7c48acb elementor-widget elementor-widget-heading\" data-id=\"7c48acb\" data-element_type=\"widget\" data-e-type=\"widget\" data-widget_type=\"heading.default\">\n\t\t\t\t<div class=\"elementor-widget-container\">\n\t\t\t\t\t<h2 class=\"elementor-heading-title elementor-size-default\">\u015arodki ostro\u017cno\u015bci<\/h2>\t\t\t\t<\/div>\n\t\t\t\t<\/div>\n\t\t\t\t<div class=\"elementor-element elementor-element-18736dc elementor-widget elementor-widget-text-editor\" data-id=\"18736dc\" data-element_type=\"widget\" data-e-type=\"widget\" data-widget_type=\"text-editor.default\">\n\t\t\t\t<div class=\"elementor-widget-container\">\n\t\t\t\t\t\t\t\t\t<ul><li>Podczas pracy z nawozem przestrzega\u0107 og\u00f3lnie obowi\u0105zuj\u0105cych zasad higieny i bezpiecze\u0144stwa.<\/li><li>Stosowa\u0107 r\u0119kawice ochronne.<\/li><li>W razie zanieczyszczenia oczu obficie przemy\u0107 wod\u0105 i w razie potrzeby skontaktowa\u0107 si\u0119 z lekarzem.<\/li><li>Produkt nie nadaje si\u0119 do spo\u017cycia, chroni\u0107 przed dzie\u0107mi.<\/li><li>Transport &#8211; bez ogranicze\u0144, bezpieczny produkt.<\/li><\/ul>\t\t\t\t\t\t\t\t<\/div>\n\t\t\t\t<\/div>\n\t\t\t\t<\/div>\n\t\t<div class=\"elementor-element elementor-element-0e01858 e-con-full elementor-hidden-tablet elementor-hidden-mobile e-flex e-con e-child\" data-id=\"0e01858\" data-element_type=\"container\" data-e-type=\"container\" data-settings=\"{&quot;position&quot;:&quot;absolute&quot;}\">\n\t\t\t\t<div class=\"elementor-element elementor-element-9f2280f elementor-widget elementor-widget-image\" data-id=\"9f2280f\" data-element_type=\"widget\" data-e-type=\"widget\" data-settings=\"{&quot;_animation&quot;:&quot;none&quot;}\" data-widget_type=\"image.default\">\n\t\t\t\t<div class=\"elementor-widget-container\">\n\t\t\t\t\t\t\t\t\t\t\t\t\t\t\t<img decoding=\"async\" width=\"936\" height=\"518\" src=\"https:\/\/fitovalor.pl\/wp-content\/uploads\/2023\/11\/Zastosowanie_borowka_left_baner.jpg\" class=\"attachment-full size-full wp-image-1281\" alt=\"Gar\u015b\u0107 bor\u00f3wek na d\u0142oni rolnika\" srcset=\"https:\/\/fitovalor.pl\/wp-content\/uploads\/2023\/11\/Zastosowanie_borowka_left_baner.jpg 936w, https:\/\/fitovalor.pl\/wp-content\/uploads\/2023\/11\/Zastosowanie_borowka_left_baner-600x332.jpg 600w, https:\/\/fitovalor.pl\/wp-content\/uploads\/2023\/11\/Zastosowanie_borowka_left_baner-300x166.jpg 300w, https:\/\/fitovalor.pl\/wp-content\/uploads\/2023\/11\/Zastosowanie_borowka_left_baner-768x425.jpg 768w, https:\/\/fitovalor.pl\/wp-content\/uploads\/2023\/11\/Zastosowanie_borowka_left_baner-18x10.jpg 18w\" sizes=\"(max-width: 936px) 100vw, 936px\" \/>\t\t\t\t\t\t\t\t\t\t\t\t\t\t\t<\/div>\n\t\t\t\t<\/div>\n\t\t\t\t<\/div>\n\t\t\t\t\t<\/div>\n\t\t\t\t<\/div>\n\t\t<div class=\"elementor-element elementor-element-7dd5c29 e-con-full blob_section_white_top e-flex e-con e-parent\" data-id=\"7dd5c29\" data-element_type=\"container\" data-e-type=\"container\">\n\t\t\t\t<div class=\"elementor-element elementor-element-9deb053 elementor-widget elementor-widget-shortcode\" data-id=\"9deb053\" data-element_type=\"widget\" data-e-type=\"widget\" data-widget_type=\"shortcode.default\">\n\t\t\t\t<div class=\"elementor-widget-container\">\n\t\t\t\t\t\t\t<div class=\"elementor-shortcode\">\t\t<div data-elementor-type=\"container\" data-elementor-id=\"1291\" class=\"elementor elementor-1291\" data-elementor-post-type=\"elementor_library\">\n\t\t\t\t<div class=\"elementor-element elementor-element-704d252e e-flex e-con-boxed e-con e-parent\" data-id=\"704d252e\" data-element_type=\"container\" data-e-type=\"container\" data-settings=\"{&quot;background_background&quot;:&quot;classic&quot;}\">\n\t\t\t\t\t<div class=\"e-con-inner\">\n\t\t<div class=\"elementor-element elementor-element-39871aa1 e-con-full e-flex e-con e-child\" data-id=\"39871aa1\" data-element_type=\"container\" data-e-type=\"container\">\n\t\t<div class=\"elementor-element elementor-element-3d522743 e-flex e-con-boxed e-con e-child\" data-id=\"3d522743\" data-element_type=\"container\" data-e-type=\"container\">\n\t\t\t\t\t<div class=\"e-con-inner\">\n\t\t\t\t<div class=\"elementor-element elementor-element-5c5d886a elementor-widget elementor-widget-image\" data-id=\"5c5d886a\" data-element_type=\"widget\" data-e-type=\"widget\" data-settings=\"{&quot;_animation&quot;:&quot;none&quot;}\" data-widget_type=\"image.default\">\n\t\t\t\t<div class=\"elementor-widget-container\">\n\t\t\t\t\t\t\t\t\t\t\t\t\t\t\t<img loading=\"lazy\" decoding=\"async\" width=\"580\" height=\"369\" src=\"https:\/\/fitovalor.pl\/wp-content\/uploads\/2023\/11\/Pytania-ostatni-blok.jpg\" class=\"attachment-large size-large wp-image-2222\" alt=\"Doradztwo dla rolnik\u00f3w \u2013 konsultacje dotycz\u0105ce stosowania nawoz\u00f3w FITOVALOR\" srcset=\"https:\/\/fitovalor.pl\/wp-content\/uploads\/2023\/11\/Pytania-ostatni-blok.jpg 658w, https:\/\/fitovalor.pl\/wp-content\/uploads\/2023\/11\/Pytania-ostatni-blok-600x382.jpg 600w, https:\/\/fitovalor.pl\/wp-content\/uploads\/2023\/11\/Pytania-ostatni-blok-300x191.jpg 300w, https:\/\/fitovalor.pl\/wp-content\/uploads\/2023\/11\/Pytania-ostatni-blok-18x12.jpg 18w\" sizes=\"(max-width: 580px) 100vw, 580px\" \/>\t\t\t\t\t\t\t\t\t\t\t\t\t\t\t<\/div>\n\t\t\t\t<\/div>\n\t\t\t\t\t<\/div>\n\t\t\t\t<\/div>\n\t\t<div class=\"elementor-element elementor-element-713f136a e-con-full e-flex e-con e-child\" data-id=\"713f136a\" data-element_type=\"container\" data-e-type=\"container\">\n\t\t\t\t<div class=\"elementor-element elementor-element-76a3e816 elementor-widget elementor-widget-heading\" data-id=\"76a3e816\" data-element_type=\"widget\" data-e-type=\"widget\" data-widget_type=\"heading.default\">\n\t\t\t\t<div class=\"elementor-widget-container\">\n\t\t\t\t\t<h2 class=\"elementor-heading-title elementor-size-default\">Masz pytania?<\/h2>\t\t\t\t<\/div>\n\t\t\t\t<\/div>\n\t\t\t\t<div class=\"elementor-element elementor-element-9d9b50b elementor-widget elementor-widget-text-editor\" data-id=\"9d9b50b\" data-element_type=\"widget\" data-e-type=\"widget\" data-widget_type=\"text-editor.default\">\n\t\t\t\t<div class=\"elementor-widget-container\">\n\t\t\t\t\t\t\t\t\t<p>Napisz w skr\u00f3cie czego potrzebujesz \/ oczekujesz. Skontaktujemy si\u0119 z Tob\u0105!<\/p>\t\t\t\t\t\t\t\t<\/div>\n\t\t\t\t<\/div>\n\t\t\t\t<div class=\"elementor-element elementor-element-5d31cb48 elementor-button-align-stretch elementor-widget elementor-widget-form\" data-id=\"5d31cb48\" data-element_type=\"widget\" data-e-type=\"widget\" data-settings=\"{&quot;button_width&quot;:&quot;50&quot;,&quot;step_next_label&quot;:&quot;Nast\\u0119pny&quot;,&quot;step_previous_label&quot;:&quot;Poprzedni&quot;,&quot;step_type&quot;:&quot;number_text&quot;,&quot;step_icon_shape&quot;:&quot;circle&quot;}\" data-widget_type=\"form.default\">\n\t\t\t\t<div class=\"elementor-widget-container\">\n\t\t\t\t\t\t\t<form class=\"elementor-form\" method=\"post\" name=\"Nowy formularz\" aria-label=\"Nowy formularz\">\n\t\t\t<input type=\"hidden\" name=\"post_id\" value=\"1291\"\/>\n\t\t\t<input type=\"hidden\" name=\"form_id\" value=\"5d31cb48\"\/>\n\t\t\t<input type=\"hidden\" name=\"referer_title\" value=\"Producent nawoz\u00f3w organiczno-mineralnych - Fitovalor\" \/>\n\n\t\t\t\t\t\t\t<input type=\"hidden\" name=\"queried_id\" value=\"575\"\/>\n\t\t\t\n\t\t\t<div class=\"elementor-form-fields-wrapper elementor-labels-\">\n\t\t\t\t\t\t\t\t<div class=\"elementor-field-type-email elementor-field-group elementor-column elementor-field-group-email elementor-col-75 elementor-field-required\">\n\t\t\t\t\t\t\t\t\t\t\t\t<label for=\"form-field-email\" class=\"elementor-field-label elementor-screen-only\">\n\t\t\t\t\t\t\t\tTw\u00f3j e-mail\t\t\t\t\t\t\t<\/label>\n\t\t\t\t\t\t\t\t\t\t\t\t\t\t<input size=\"1\" type=\"email\" name=\"form_fields[email]\" id=\"form-field-email\" class=\"elementor-field elementor-size-sm  elementor-field-textual\" placeholder=\"Tw\u00f3j e-mail\" required=\"required\">\n\t\t\t\t\t\t\t\t\t\t\t<\/div>\n\t\t\t\t\t\t\t\t<div class=\"elementor-field-type-tel elementor-field-group elementor-column elementor-field-group-field_94c8562 elementor-col-75 elementor-field-required\">\n\t\t\t\t\t\t\t\t\t\t\t\t<label for=\"form-field-field_94c8562\" class=\"elementor-field-label elementor-screen-only\">\n\t\t\t\t\t\t\t\tTelefon\t\t\t\t\t\t\t<\/label>\n\t\t\t\t\t\t\t\t<input size=\"1\" type=\"tel\" name=\"form_fields[field_94c8562]\" id=\"form-field-field_94c8562\" class=\"elementor-field elementor-size-sm  elementor-field-textual\" placeholder=\"Telefon\" required=\"required\" pattern=\"[0-9()#&amp;+*-=.]+\" title=\"Akceptowane s\u0105 jedynie cyfry i znaki telefoniczne (#,-,*).\">\n\n\t\t\t\t\t\t<\/div>\n\t\t\t\t\t\t\t\t<div class=\"elementor-field-type-textarea elementor-field-group elementor-column elementor-field-group-message elementor-col-75\">\n\t\t\t\t\t\t\t\t\t\t\t\t<label for=\"form-field-message\" class=\"elementor-field-label elementor-screen-only\">\n\t\t\t\t\t\t\t\tWiadomo\u015b\u0107\t\t\t\t\t\t\t<\/label>\n\t\t\t\t\t\t<textarea class=\"elementor-field-textual elementor-field  elementor-size-sm\" name=\"form_fields[message]\" id=\"form-field-message\" rows=\"6\" placeholder=\"Wiadomo\u015b\u0107\"><\/textarea>\t\t\t\t<\/div>\n\t\t\t\t\t\t\t\t<div class=\"elementor-field-type-acceptance elementor-field-group elementor-column elementor-field-group-field_f418d6a elementor-col-75 elementor-field-required\">\n\t\t\t\t\t\t\t<div class=\"elementor-field-subgroup\">\n\t\t\t<span class=\"elementor-field-option\">\n\t\t\t\t<input type=\"checkbox\" name=\"form_fields[field_f418d6a]\" id=\"form-field-field_f418d6a\" class=\"elementor-field elementor-size-sm  elementor-acceptance-field\" required=\"required\">\n\t\t\t\t<label for=\"form-field-field_f418d6a\">Wpisuj\u0105c sw\u00f3j adres e-mail godzisz si\u0119 na przetwarzanie przez nas Twoich danych osobowych zgodnie z nasz\u0105 polityk\u0105 prywatno\u015bci.<\/label>\t\t\t<\/span>\n\t\t<\/div>\n\t\t\t\t\t\t<\/div>\n\t\t\t\t\t\t\t\t<div class=\"elementor-field-type-recaptcha_v3 elementor-field-group elementor-column elementor-field-group-field_6ff056f elementor-col-100 recaptcha_v3-bottomright\">\n\t\t\t\t\t<div class=\"elementor-field\" id=\"form-field-field_6ff056f\"><div class=\"elementor-g-recaptcha\" data-sitekey=\"6LeIkzUlAAAAAJknOSnI9uiUdTdrWV6-OsyCJHDJ\" data-type=\"v3\" data-action=\"Form\" data-badge=\"bottomright\" data-size=\"invisible\"><\/div><\/div>\t\t\t\t<\/div>\n\t\t\t\t\t\t\t\t<div class=\"elementor-field-group elementor-column elementor-field-type-submit elementor-col-50 e-form__buttons\">\n\t\t\t\t\t<button class=\"elementor-button elementor-size-sm elementor-animation-grow\" type=\"submit\">\n\t\t\t\t\t\t<span class=\"elementor-button-content-wrapper\">\n\t\t\t\t\t\t\t\t\t\t\t\t\t\t\t\t\t\t\t\t\t\t<span class=\"elementor-button-text\">Wy\u015blij<\/span>\n\t\t\t\t\t\t\t\t\t\t\t\t\t<\/span>\n\t\t\t\t\t<\/button>\n\t\t\t\t<\/div>\n\t\t\t<\/div>\n\t\t<\/form>\n\t\t\t\t\t\t<\/div>\n\t\t\t\t<\/div>\n\t\t\t\t<\/div>\n\t\t\t\t<\/div>\n\t\t\t\t\t<\/div>\n\t\t\t\t<\/div>\n\t\t\t\t<\/div>\n\t\t<\/div>\n\t\t\t\t\t\t<\/div>\n\t\t\t\t<\/div>\n\t\t\t\t<\/div>\n\t\t\t\t<\/div>\n\t\t","protected":false},"excerpt":{"rendered":"<p>Terminy stosowania Koncentrat FITOVALOR L\/ha Przygotowanie nasion Zabieg opcjonalny 1L koncentratu FITOVALORRozcie\u0144czy\u0107 na 10L wody na 1 ton\u0119 nasion moczy\u0107 przez 30-60 minut i nast\u0119pnie wysuszy\u0107. Tak przygotowane nasiona posadzi\u0107 w terminie do 3-dni P\u0119kanie p\u0105k\u00f3w Zabieg opcjonalny 1L-1,5L koncentratu FITOVALORRozcie\u0144czy\u0107 na 200L-250L wody na 1 ha Mo\u017cna dodatkowo doda\u0107 do roztworu + 5 kg [&hellip;]<\/p>\n","protected":false},"author":1,"featured_media":0,"parent":1232,"menu_order":0,"comment_status":"closed","ping_status":"closed","template":"elementor_header_footer","meta":{"footnotes":""},"class_list":["post-1278","page","type-page","status-publish","hentry"],"_links":{"self":[{"href":"https:\/\/fitovalor.pl\/en\/wp-json\/wp\/v2\/pages\/1278","targetHints":{"allow":["GET"]}}],"collection":[{"href":"https:\/\/fitovalor.pl\/en\/wp-json\/wp\/v2\/pages"}],"about":[{"href":"https:\/\/fitovalor.pl\/en\/wp-json\/wp\/v2\/types\/page"}],"author":[{"embeddable":true,"href":"https:\/\/fitovalor.pl\/en\/wp-json\/wp\/v2\/users\/1"}],"replies":[{"embeddable":true,"href":"https:\/\/fitovalor.pl\/en\/wp-json\/wp\/v2\/comments?post=1278"}],"version-history":[{"count":40,"href":"https:\/\/fitovalor.pl\/en\/wp-json\/wp\/v2\/pages\/1278\/revisions"}],"predecessor-version":[{"id":4552,"href":"https:\/\/fitovalor.pl\/en\/wp-json\/wp\/v2\/pages\/1278\/revisions\/4552"}],"up":[{"embeddable":true,"href":"https:\/\/fitovalor.pl\/en\/wp-json\/wp\/v2\/pages\/1232"}],"wp:attachment":[{"href":"https:\/\/fitovalor.pl\/en\/wp-json\/wp\/v2\/media?parent=1278"}],"curies":[{"name":"wp","href":"https:\/\/api.w.org\/{rel}","templated":true}]}}